{"id":806,"date":"2016-07-19T16:18:38","date_gmt":"2016-07-19T16:18:38","guid":{"rendered":"http:\/\/www.gulis.at\/musik\/?page_id=806"},"modified":"2020-04-03T10:35:44","modified_gmt":"2020-04-03T08:35:44","slug":"this-one-is-a-rifle","status":"publish","type":"page","link":"https:\/\/www.gulis.at\/musik\/?page_id=806","title":{"rendered":"This one is a rifle"},"content":{"rendered":"<pre>Hy, my name is Billy\nI am from Illinois\nI`m sergant in the army and\nmy base is in iraq.\n\nIt\u00b4s a fucking boring job\nnothing but dust and heat\nlousy ragheads poor and dump,\nalways praying to Allah\nalways praying to Allah\n\nmy great grandfather fought in Europe\nto win against the Nazis,\nthe sissys couldn\u00b4t do it alone\nit\u00b4s going on and on.\nit\u00b4s going on and on.\n\ngrandpa was in vietnam\nto fight for the free world\nits not for the gooks\nthey weren`t worth the effort\nthey weren`t worth the effort\n<strong>\u00a0<\/strong>\nthis one is a rifle\nand this one is a gun\nthis one is to fight \nand this one is for fun.\n\nmy father was a Marine,\nhe was in Kuwait\nthey need our tradition\nto kill runs in our blood\nto kill runs in our blood\n\nAnd now I\u00b4m here no place for fun\nwe bring them freedom\nthey encounter us with hate\nbullshit I say,\nbullshit I say.\n\nthis one is a rifle\nand this one is a gun\nthis one is to fight \nand this one is for fun.\n\nand so it\u00b4s going on and on\nnever chance the lyrics of the song\nconvinced in the supremacy\nit\u00b4s going on an on\n\nHy, my name is billy\nI am from Illinois\nI`m sergant in the army and\nmy base is in iraq. <strong>Making of: <\/strong><\/pre>\n<p>Es war im Jahre 2010, sa\u00df auf einer Insel im Atlantik und las das Buch \u201eKrieg ohne Fronten\u201c von Bernd Greiner.<\/p>\n<p>Es ist ein ersch\u00fctterndes Buch, ein detailgetreuer W\u00e4lzer \u00fcber den Vietnam Krieg der USA. Es ist nicht nur ein Buch \u00fcber die Gr\u00e4uel des Krieges, sondern ein Buch \u00fcber die Dynamik eines Krieges, der als milit\u00e4rischer Konflikt um einen \u201eEckpfeiler der freien Welt\u201c zu verteidigen, begann und zu einem Gewaltexzess eskalierte, der alle westlichen Werte und Errungenschaften in Frage stellte und au\u00dfer Kraft setzte. Und das ist das Verst\u00f6rende an diesem Krieg. Hier hat nicht ein totalit\u00e4res, faschistisches Regime gew\u00fctet, sondern die Supermacht der freien Welt; mit den gleichen Mitteln einer barbarischen, au\u00dfer Kontrolle geratenen M\u00f6rderbande.<\/p>\n<p>Die Strophen des Songs beziehen sich auf die lange und traurige Tradition der US-Milit\u00e4rs sich in allen m\u00f6glichen Konflikten einzumischen.<\/p>\n<p>Ich habe Billy erfunden,\u00a0 einem Sergant, der im Irak sitzt und sich \u00fcber die Langeweile und die dummen Bewohner ausl\u00e4\u00dft. Billy blickt auf eine lange Familientradition zur\u00fcck. F\u00fcr jede US-amerikanische Generation gab und gibt es einen Krieg, in dem die Jungen geschickt werden k\u00f6nnen. And so it\u00b4s goin on and on.<\/p>\n<p>Der Refrain \u201ethis one is a Rifle\u2026\u201d ist einem US- Soldatenlied entnommen, das h\u00e4ufig in Vietnam gesungen wurde. In einem (rifle) geht es tats\u00e4chlich \u00a0um das Gewehr im Kampf,\u00a0 im anderen Falle geht es jedoch synonym\u00a0 um den Penis, der f\u00fcr \u201efun\u201c \u00a0sorgen soll\u2026<\/p>\n<p><img decoding=\"async\" id=\"imgBlkFront\" class=\"a-dynamic-image image-stretch-vertical frontImage\" src=\"https:\/\/images-na.ssl-images-amazon.com\/images\/I\/41K2NSH8KTL._SX332_BO1,204,203,200_.jpg\" alt=\"\" width=\"164\" height=\"245\" data-a-dynamic-image=\"{&quot;https:\/\/images-na.ssl-images-amazon.com\/images\/I\/41K2NSH8KTL._SX332_BO1,204,203,200_.jpg&quot;:[334,499],&quot;https:\/\/images-na.ssl-images-amazon.com\/images\/I\/41K2NSH8KTL._SY344_BO1,204,203,200_.jpg&quot;:[232,346]}\" \/><\/p>\n","protected":false},"excerpt":{"rendered":"<p>Hy, my name is Billy I am from Illinois I`m sergant in the army and my base is in iraq. It\u00b4s a fucking boring job nothing but dust and heat lousy ragheads poor and dump, always praying to Allah always praying to Allah my great grandfather fought in Europe to win against the Nazis, the sissys couldn\u00b4t do it alone it\u00b4s going on and on. it\u00b4s going on and on. grandpa was in vietnam to fight for the free world its not for the gooks they weren`t worth the effort they weren`t worth the effort \u00a0 this one is a rifle and this one is a gun this one is to fight and this one is for fun. my father was a Marine, he was in Kuwait they need our tradition to kill runs in our blood to kill runs in our blood And now I\u00b4m here no place for fun we bring them freedom they encounter us with hate bullshit I say, bullshit I say. this one is a rifle and this one is a gun this one is to fight and this one is for fun. and so it\u00b4s going on and on never chance the lyrics of the song convinced in the supremacy it\u00b4s going on an on Hy, my name is billy I am from Illinois I`m sergant in the army and my base is in iraq. Making of: Es war im Jahre 2010, sa\u00df auf einer Insel im Atlantik und las das Buch \u201eKrieg ohne Fronten\u201c von Bernd Greiner. Es ist ein ersch\u00fctterndes Buch, ein detailgetreuer W\u00e4lzer \u00fcber den Vietnam Krieg der USA. Es ist nicht nur ein Buch \u00fcber die Gr\u00e4uel des Krieges, sondern ein Buch \u00fcber die Dynamik eines Krieges, der als milit\u00e4rischer Konflikt um einen \u201eEckpfeiler der freien Welt\u201c zu verteidigen, begann und zu einem Gewaltexzess eskalierte, der alle westlichen Werte und Errungenschaften in Frage stellte und au\u00dfer Kraft setzte. Und das ist das Verst\u00f6rende an diesem Krieg. Hier hat nicht ein totalit\u00e4res, faschistisches Regime gew\u00fctet, sondern die Supermacht der freien Welt; mit den gleichen Mitteln einer barbarischen, au\u00dfer Kontrolle geratenen M\u00f6rderbande. Die Strophen des Songs beziehen sich auf die lange und traurige Tradition der US-Milit\u00e4rs sich in allen m\u00f6glichen Konflikten einzumischen. Ich habe Billy erfunden,\u00a0 einem Sergant, der im Irak sitzt und sich \u00fcber die Langeweile und die dummen Bewohner ausl\u00e4\u00dft. Billy blickt auf eine lange Familientradition zur\u00fcck. F\u00fcr jede US-amerikanische Generation gab und gibt es einen Krieg, in dem die Jungen geschickt werden k\u00f6nnen. And so it\u00b4s goin on and on. Der Refrain \u201ethis one is a Rifle\u2026\u201d ist einem US- Soldatenlied entnommen, das h\u00e4ufig in Vietnam gesungen wurde. In einem (rifle) geht es tats\u00e4chlich \u00a0um das Gewehr im Kampf,\u00a0 im anderen Falle geht es jedoch synonym\u00a0 um den Penis, der f\u00fcr \u201efun\u201c \u00a0sorgen soll\u2026<\/p>\n","protected":false},"author":2,"featured_media":0,"parent":38,"menu_order":0,"comment_status":"closed","ping_status":"closed","template":"","meta":{"footnotes":""},"class_list":["post-806","page","type-page","status-publish","hentry"],"_links":{"self":[{"href":"https:\/\/www.gulis.at\/musik\/index.php?rest_route=\/wp\/v2\/pages\/806","targetHints":{"allow":["GET"]}}],"collection":[{"href":"https:\/\/www.gulis.at\/musik\/index.php?rest_route=\/wp\/v2\/pages"}],"about":[{"href":"https:\/\/www.gulis.at\/musik\/index.php?rest_route=\/wp\/v2\/types\/page"}],"author":[{"embeddable":true,"href":"https:\/\/www.gulis.at\/musik\/index.php?rest_route=\/wp\/v2\/users\/2"}],"replies":[{"embeddable":true,"href":"https:\/\/www.gulis.at\/musik\/index.php?rest_route=%2Fwp%2Fv2%2Fcomments&post=806"}],"version-history":[{"count":7,"href":"https:\/\/www.gulis.at\/musik\/index.php?rest_route=\/wp\/v2\/pages\/806\/revisions"}],"predecessor-version":[{"id":1439,"href":"https:\/\/www.gulis.at\/musik\/index.php?rest_route=\/wp\/v2\/pages\/806\/revisions\/1439"}],"up":[{"embeddable":true,"href":"https:\/\/www.gulis.at\/musik\/index.php?rest_route=\/wp\/v2\/pages\/38"}],"wp:attachment":[{"href":"https:\/\/www.gulis.at\/musik\/index.php?rest_route=%2Fwp%2Fv2%2Fmedia&parent=806"}],"curies":[{"name":"wp","href":"https:\/\/api.w.org\/{rel}","templated":true}]}}