{"id":784,"date":"2016-07-19T15:49:23","date_gmt":"2016-07-19T15:49:23","guid":{"rendered":"http:\/\/www.gulis.at\/musik\/?page_id=784"},"modified":"2020-04-01T10:40:54","modified_gmt":"2020-04-01T08:40:54","slug":"an-den-grenzen","status":"publish","type":"page","link":"https:\/\/www.gulis.at\/musik\/?page_id=784","title":{"rendered":"An den Grenzen"},"content":{"rendered":"<pre>Sie kam an der Grenze an.\nSie kam an ihre Grenzen ran.\n\nTrug Fragen mit sich,\nob er ihr Zutritt verschaffen kann.\n\nOb sie seine Anwesenheit ertrage,\nes sich erlaubt und schaffen kann.\n\nSie kam an seine Grenzen an.\nSie kam an ihre Grenzen ran.\nSie kam an ihre Grenzen ran.\n\nBarfuss durch den Schnee zu gehen\nDas letzte Kleid an ihrem Leib.\nEndloses Warten, um ihr Los zu erz\u00e4hlen\nSehnsucht, die \u00fcber die Grenzen treibt.\n\nEr kam an seine Grenzen an.\nEr kam an ihre Grenzen ran.\nEr kam an ihre Grenzen ran.\n\nAh\u00a0 \u00a0\u00a0\u00a0\u00a0\u00a0\u00a0\u00a0 Ah \u00a0\u00a0\u00a0\u00a0\u00a0\u00a0\u00a0\u00a0 Ah\u00a0\u00a0\u00a0 Ah\nAh\u00a0 \u00a0\u00a0\u00a0\u00a0\u00a0\u00a0\u00a0 Ah \u00a0\u00a0\u00a0\u00a0\u00a0\u00a0\u00a0\u00a0 Ah\u00a0\u00a0\u00a0 Ah\n\nAufenthalt berechtigt, ihre Haut zu ber\u00fchren\nweiss nicht, ob das Gef\u00fchl schon tr\u00e4gt.\nEr nahm ihre Hand, um sie zu f\u00fchren\nSchweigen, das \u00fcber die Grenzen fegt.\nIhre Hoffnung kam gegen Gesetze nicht an\nVorurteil wird zur Unmenschlichkeit.\nIhren Augen sah man das Grauen an.\nWir lassen niemanden ran.\n\n\nSie zeigen uns unsre Grenzen an.\nSie treten an die Grenzen ran.\nSie zeigen uns unsre Grenzen an.\nSie treten an die Grenzen ran.\n\n<strong>Making of: <\/strong><\/pre>\n<h5>Die europ\u00e4ische und \u00f6sterreichische Fl\u00fcchtlingspolitik ist in einem Kreislauf der zwanghaften Widerholung des immer gleichen gefangen. Seit Jahrzehnten \u00e4hneln sich die Ereignisse, die Bilder, die Ursachen, Wirkungen und Ma\u00dfnahmen. Das Verhalten der Akteure kann man prognostizieren. Doch das Leid und die Ungerechtigkeit, das den Menschen zuteil wird, nicht ermessen.<\/h5>\n<h5>Die Last der Erlebnisse mit sich tragend, das nervenzerr\u00fcttende Warten, um von den Beh\u00f6rden angeh\u00f6rt zu werden, in der Hoffnung endlich jemanden zu finden, der einem zuh\u00f6rt und wahrnimmt. Das zarte Band einer Begegnung, die Hoffnung auf Wahrnehmung, offene Fragen, die Last der Geschichten, die aufeinanderprallen.<\/h5>\n<h5>Niemand kann sich in die Welt von Gefl\u00fcchteten\u00a0 hineinversetzen und doch wage ich diesen Frevel: An die Grenzen ran.<\/h5>\n<figure id=\"attachment_1385\" aria-describedby=\"caption-attachment-1385\" style=\"width: 267px\" class=\"wp-caption alignleft\"><a href=\"https:\/\/www.gulis.at\/musik\/?attachment_id=1385\" rel=\"attachment wp-att-868\"><img decoding=\"async\" class=\"wp-image-1385 \" src=\"https:\/\/www.gulis.at\/musik\/wp-content\/uploads\/2020\/04\/an-grenzen-ran-original-300x180.jpg\" alt=\"\" width=\"267\" height=\"160\" srcset=\"https:\/\/www.gulis.at\/musik\/wp-content\/uploads\/2020\/04\/an-grenzen-ran-original-300x180.jpg 300w, https:\/\/www.gulis.at\/musik\/wp-content\/uploads\/2020\/04\/an-grenzen-ran-original-1024x614.jpg 1024w, https:\/\/www.gulis.at\/musik\/wp-content\/uploads\/2020\/04\/an-grenzen-ran-original-768x460.jpg 768w, https:\/\/www.gulis.at\/musik\/wp-content\/uploads\/2020\/04\/an-grenzen-ran-original-1536x921.jpg 1536w, https:\/\/www.gulis.at\/musik\/wp-content\/uploads\/2020\/04\/an-grenzen-ran-original.jpg 1675w\" sizes=\"(max-width: 267px) 100vw, 267px\" \/><\/a><figcaption id=\"caption-attachment-1385\" class=\"wp-caption-text\">J\u00f6rg Pagger<\/figcaption><\/figure>\n<p><a href=\"http:\/\/schreibkraft.adm.at\/aktuelles\/von-wegen-fluchtlingskrise\" target=\"_blank\" rel=\"noopener noreferrer\">Schreibkraft! <\/a><\/p>\n","protected":false},"excerpt":{"rendered":"<p>Sie kam an der Grenze an. Sie kam an ihre Grenzen ran. Trug Fragen mit sich, ob er ihr Zutritt verschaffen kann. Ob sie seine Anwesenheit ertrage, es sich erlaubt und schaffen kann. Sie kam an seine Grenzen an. Sie kam an ihre Grenzen ran. Sie kam an ihre Grenzen ran. Barfuss durch den Schnee zu gehen Das letzte Kleid an ihrem Leib. Endloses Warten, um ihr Los zu erz\u00e4hlen Sehnsucht, die \u00fcber die Grenzen treibt. Er kam an seine Grenzen an. Er kam an ihre Grenzen ran. Er kam an ihre Grenzen ran. Ah\u00a0 \u00a0\u00a0\u00a0\u00a0\u00a0\u00a0\u00a0 Ah \u00a0\u00a0\u00a0\u00a0\u00a0\u00a0\u00a0\u00a0 Ah\u00a0\u00a0\u00a0 Ah Ah\u00a0 \u00a0\u00a0\u00a0\u00a0\u00a0\u00a0\u00a0 Ah \u00a0\u00a0\u00a0\u00a0\u00a0\u00a0\u00a0\u00a0 Ah\u00a0\u00a0\u00a0 Ah Aufenthalt berechtigt, ihre Haut zu ber\u00fchren weiss nicht, ob das Gef\u00fchl schon tr\u00e4gt. Er nahm ihre Hand, um sie zu f\u00fchren Schweigen, das \u00fcber die Grenzen fegt. Ihre Hoffnung kam gegen Gesetze nicht an Vorurteil wird zur Unmenschlichkeit. Ihren Augen sah man das Grauen an. Wir lassen niemanden ran. Sie zeigen uns unsre Grenzen an. Sie treten an die Grenzen ran. Sie zeigen uns unsre Grenzen an. Sie treten an die Grenzen ran. Making of: Die europ\u00e4ische und \u00f6sterreichische Fl\u00fcchtlingspolitik ist in einem Kreislauf der zwanghaften Widerholung des immer gleichen gefangen. Seit Jahrzehnten \u00e4hneln sich die Ereignisse, die Bilder, die Ursachen, Wirkungen und Ma\u00dfnahmen. Das Verhalten der Akteure kann man prognostizieren. Doch das Leid und die Ungerechtigkeit, das den Menschen zuteil wird, nicht ermessen. Die Last der Erlebnisse mit sich tragend, das nervenzerr\u00fcttende Warten, um von den Beh\u00f6rden angeh\u00f6rt zu werden, in der Hoffnung endlich jemanden zu finden, der einem zuh\u00f6rt und wahrnimmt. Das zarte Band einer Begegnung, die Hoffnung auf Wahrnehmung, offene Fragen, die Last der Geschichten, die aufeinanderprallen. Niemand kann sich in die Welt von Gefl\u00fcchteten\u00a0 hineinversetzen und doch wage ich diesen Frevel: An die Grenzen ran. Schreibkraft!<\/p>\n","protected":false},"author":2,"featured_media":0,"parent":38,"menu_order":0,"comment_status":"closed","ping_status":"closed","template":"","meta":{"footnotes":""},"class_list":["post-784","page","type-page","status-publish","hentry"],"_links":{"self":[{"href":"https:\/\/www.gulis.at\/musik\/index.php?rest_route=\/wp\/v2\/pages\/784","targetHints":{"allow":["GET"]}}],"collection":[{"href":"https:\/\/www.gulis.at\/musik\/index.php?rest_route=\/wp\/v2\/pages"}],"about":[{"href":"https:\/\/www.gulis.at\/musik\/index.php?rest_route=\/wp\/v2\/types\/page"}],"author":[{"embeddable":true,"href":"https:\/\/www.gulis.at\/musik\/index.php?rest_route=\/wp\/v2\/users\/2"}],"replies":[{"embeddable":true,"href":"https:\/\/www.gulis.at\/musik\/index.php?rest_route=%2Fwp%2Fv2%2Fcomments&post=784"}],"version-history":[{"count":7,"href":"https:\/\/www.gulis.at\/musik\/index.php?rest_route=\/wp\/v2\/pages\/784\/revisions"}],"predecessor-version":[{"id":1386,"href":"https:\/\/www.gulis.at\/musik\/index.php?rest_route=\/wp\/v2\/pages\/784\/revisions\/1386"}],"up":[{"embeddable":true,"href":"https:\/\/www.gulis.at\/musik\/index.php?rest_route=\/wp\/v2\/pages\/38"}],"wp:attachment":[{"href":"https:\/\/www.gulis.at\/musik\/index.php?rest_route=%2Fwp%2Fv2%2Fmedia&parent=784"}],"curies":[{"name":"wp","href":"https:\/\/api.w.org\/{rel}","templated":true}]}}