{"id":771,"date":"2016-07-19T15:38:13","date_gmt":"2016-07-19T15:38:13","guid":{"rendered":"http:\/\/www.gulis.at\/musik\/?page_id=771"},"modified":"2020-04-03T10:32:02","modified_gmt":"2020-04-03T08:32:02","slug":"amidst-the-desert","status":"publish","type":"page","link":"https:\/\/www.gulis.at\/musik\/?page_id=771","title":{"rendered":"Amidst the Desert"},"content":{"rendered":"<p><strong><a href=\"https:\/\/www.gulis.at\/musik\/?attachment_id=1342\" rel=\"attachment wp-att-779\"><img decoding=\"async\" class=\"alignleft wp-image-1342 \" src=\"https:\/\/www.gulis.at\/musik\/wp-content\/uploads\/2020\/03\/IMG_20160107_101038-300x168.jpg\" alt=\"\" width=\"239\" height=\"134\" srcset=\"https:\/\/www.gulis.at\/musik\/wp-content\/uploads\/2020\/03\/IMG_20160107_101038-300x168.jpg 300w, https:\/\/www.gulis.at\/musik\/wp-content\/uploads\/2020\/03\/IMG_20160107_101038-1024x575.jpg 1024w, https:\/\/www.gulis.at\/musik\/wp-content\/uploads\/2020\/03\/IMG_20160107_101038-768x431.jpg 768w, https:\/\/www.gulis.at\/musik\/wp-content\/uploads\/2020\/03\/IMG_20160107_101038-1536x863.jpg 1536w, https:\/\/www.gulis.at\/musik\/wp-content\/uploads\/2020\/03\/IMG_20160107_101038-2048x1150.jpg 2048w\" sizes=\"(max-width: 239px) 100vw, 239px\" \/><\/a><\/strong><\/p>\n<pre><strong>I<\/strong>t\u00b4s six o\u00b4clock\nyou don\u00b4t want to walk.\nyou stand in a long cue\namidst the desert\n\nthe pilgrim age is over\nno coach will come along\nyou find a friend on the screen\nthere\u00b4s no caravan passing by.<\/pre>\n<pre><a href=\"https:\/\/www.gulis.at\/musik\/?attachment_id=1380\" rel=\"attachment wp-att-1380\"><img fetchpriority=\"high\" decoding=\"async\" class=\"alignleft size-medium wp-image-1380\" src=\"https:\/\/www.gulis.at\/musik\/wp-content\/uploads\/2020\/04\/amidst-the-desert-oringinal-300x200.jpg\" alt=\"\" width=\"300\" height=\"200\" srcset=\"https:\/\/www.gulis.at\/musik\/wp-content\/uploads\/2020\/04\/amidst-the-desert-oringinal-300x200.jpg 300w, https:\/\/www.gulis.at\/musik\/wp-content\/uploads\/2020\/04\/amidst-the-desert-oringinal-1024x683.jpg 1024w, https:\/\/www.gulis.at\/musik\/wp-content\/uploads\/2020\/04\/amidst-the-desert-oringinal-768x512.jpg 768w, https:\/\/www.gulis.at\/musik\/wp-content\/uploads\/2020\/04\/amidst-the-desert-oringinal-1536x1024.jpg 1536w, https:\/\/www.gulis.at\/musik\/wp-content\/uploads\/2020\/04\/amidst-the-desert-oringinal.jpg 1681w\" sizes=\"(max-width: 300px) 100vw, 300px\" \/><\/a>but you climb the ladder\ndon\u00b4t know where\u00b4s to go\nbut you climb the ladder\nto find a better place\nto go<\/pre>\n<pre>keep your identity card\nyou can help us\nto reduce the waiting time\nkeep your luggage and\ntake care of your refreshments<\/pre>\n<pre>but you climb the ladder\nto find the exit to get out of here\nbut you climb the ladder\nto find a better place,\na better place,\na better place\n\n\nbehind the doors there are monsters\nof the daily routine\nsitting round wait for the suicide\neither you have credit cards\nor you can pay in cash.\nYou will stay here in eternity\n\nIt\u00b4s eight o\u00b4clock\nyou should run but you still\nstand in the long cue\namidst the swimming pool\n\n<strong>\u00a0<\/strong>\nbut you climb the ladder\nto find the exit to get out of here\nbut you climb the ladder\nto find a better place,\na better place,\na better place.\n\n\na better place\na better place<\/pre>\n<p><strong>\u00a0making of:<\/strong><\/p>\n<pre>Flugh\u00e4fen. Wahr gewordene Nicht-Orte (Aug\u00e9) des globalisierten Verkehrs.\nSeltsames Gegeneinander in der Gleichzeitigkeit.\nDie einen hasten zum Gate und die anderen warten Stunden um Stunden auf den Abflug.\nNicht-Orte der Pr\u00e4senz auf Zeit.\n\nIch warte schon eine geraume Zeit, bin lange unterwegs, f\u00fchle mich leer und m\u00fcde.\nDer Zustand ist erreicht, an dem ich kein Buch mehr lesen kann, keine Musik h\u00f6ren mag.\nZuerst wanderte ich noch umher. Jetzt sitze ich und beobachte.\n\nEin Werbespot flimmert \u00fcber einen Screen.\nEin Mann im Anzug mit Koffer steht inmitten der W\u00fcste, geht, trifft auf eine Warteschlange.\nMan sieht nicht, wof\u00fcr sie sich anstellen.\nBis er an der Reihe ist, da erkennt man eine Strickleiter, die nach oben f\u00fchrt zu einer Luke im Himmel.\n\nEr steigt hinauf und verschwindet\u2026<\/pre>\n<p><strong>\u00a0<\/strong><\/p>\n","protected":false},"excerpt":{"rendered":"<p>It\u00b4s six o\u00b4clock you don\u00b4t want to walk. you stand in a long cue amidst the desert the pilgrim age is over no coach will come along you find a friend on the screen there\u00b4s no caravan passing by. but you climb the ladder don\u00b4t know where\u00b4s to go but you climb the ladder to find a better place to go keep your identity card you can help us to reduce the waiting time keep your luggage and take care of your refreshments but you climb the ladder to find the exit to get out of here but you climb the ladder to find a better place, a better place, a better place behind the doors there are monsters of the daily routine sitting round wait for the suicide either you have credit cards or you can pay in cash. You will stay here in eternity It\u00b4s eight o\u00b4clock you should run but you still stand in the long cue amidst the swimming pool \u00a0 but you climb the ladder to find the exit to get out of here but you climb the ladder to find a better place, a better place, a better place. a better place a better place \u00a0making of: Flugh\u00e4fen. Wahr gewordene Nicht-Orte (Aug\u00e9) des globalisierten Verkehrs. Seltsames Gegeneinander in der Gleichzeitigkeit. Die einen hasten zum Gate und die anderen warten Stunden um Stunden auf den Abflug. Nicht-Orte der Pr\u00e4senz auf Zeit. Ich warte schon eine geraume Zeit, bin lange unterwegs, f\u00fchle mich leer und m\u00fcde. Der Zustand ist erreicht, an dem ich kein Buch mehr lesen kann, keine Musik h\u00f6ren mag. Zuerst wanderte ich noch umher. Jetzt sitze ich und beobachte. Ein Werbespot flimmert \u00fcber einen Screen. Ein Mann im Anzug mit Koffer steht inmitten der W\u00fcste, geht, trifft auf eine Warteschlange. Man sieht nicht, wof\u00fcr sie sich anstellen. Bis er an der Reihe ist, da erkennt man eine Strickleiter, die nach oben f\u00fchrt zu einer Luke im Himmel. Er steigt hinauf und verschwindet\u2026 \u00a0<\/p>\n","protected":false},"author":2,"featured_media":0,"parent":38,"menu_order":0,"comment_status":"closed","ping_status":"closed","template":"","meta":{"footnotes":""},"class_list":["post-771","page","type-page","status-publish","hentry"],"_links":{"self":[{"href":"https:\/\/www.gulis.at\/musik\/index.php?rest_route=\/wp\/v2\/pages\/771","targetHints":{"allow":["GET"]}}],"collection":[{"href":"https:\/\/www.gulis.at\/musik\/index.php?rest_route=\/wp\/v2\/pages"}],"about":[{"href":"https:\/\/www.gulis.at\/musik\/index.php?rest_route=\/wp\/v2\/types\/page"}],"author":[{"embeddable":true,"href":"https:\/\/www.gulis.at\/musik\/index.php?rest_route=\/wp\/v2\/users\/2"}],"replies":[{"embeddable":true,"href":"https:\/\/www.gulis.at\/musik\/index.php?rest_route=%2Fwp%2Fv2%2Fcomments&post=771"}],"version-history":[{"count":13,"href":"https:\/\/www.gulis.at\/musik\/index.php?rest_route=\/wp\/v2\/pages\/771\/revisions"}],"predecessor-version":[{"id":1437,"href":"https:\/\/www.gulis.at\/musik\/index.php?rest_route=\/wp\/v2\/pages\/771\/revisions\/1437"}],"up":[{"embeddable":true,"href":"https:\/\/www.gulis.at\/musik\/index.php?rest_route=\/wp\/v2\/pages\/38"}],"wp:attachment":[{"href":"https:\/\/www.gulis.at\/musik\/index.php?rest_route=%2Fwp%2Fv2%2Fmedia&parent=771"}],"curies":[{"name":"wp","href":"https:\/\/api.w.org\/{rel}","templated":true}]}}