{"id":5,"date":"2016-01-06T10:00:49","date_gmt":"2016-01-06T08:00:49","guid":{"rendered":"http:\/\/www.gulis.at\/musik\/?page_id=2"},"modified":"2025-03-05T12:12:58","modified_gmt":"2025-03-05T10:12:58","slug":"g-u-l-i-s-musik","status":"publish","type":"page","link":"https:\/\/www.gulis.at\/musik\/?page_id=5","title":{"rendered":"Releases:"},"content":{"rendered":"\n<h2 class=\"wp-block-heading\">Single:<\/h2>\n\n\n\n<p><strong>11.01.2025 &#8211; Live at the Club wakuum, Graz: This one is a rifle.<\/strong><\/p>\n\n\n\n<figure class=\"wp-block-embed is-type-video is-provider-youtube wp-block-embed-youtube wp-embed-aspect-16-9 wp-has-aspect-ratio\"><div class=\"wp-block-embed__wrapper\">\n<iframe title=\"This one is rifle\" width=\"960\" height=\"540\" src=\"https:\/\/www.youtube.com\/embed\/ZkyzADmrpk8?feature=oembed\" frameborder=\"0\" allow=\"accelerometer; autoplay; clipboard-write; encrypted-media; gyroscope; picture-in-picture; web-share\" referrerpolicy=\"strict-origin-when-cross-origin\" allowfullscreen><\/iframe>\n<\/div><\/figure>\n\n\n\n<p><strong>26. 11. 2024 &#8211; Live at the Club Wakuum, Graz: Sehnsucht. <\/strong><\/p>\n\n\n\n<p>Anl\u00e4\u00dflich des Abschiedes von Zakk e. Rust wurde das Lied Sehnsucht live mitgeschnitten.<\/p>\n\n\n\n<p>Kamera: J\u00fcrgen Gerger, Edi Haberl. Schnitt: Edi Haberl. Mix und Mastering: Die Mischerei, Fabio Schurischuster, 2024.<\/p>\n\n\n\n<p>Band: Zakk e. Rust &#8211; egit.,Vocal; Hannes Ressi &#8211; drums, Anton H\u00fcttmayr &#8211; Bass, Vocals; Wolfgang Gulis &#8211; acgit., Vocal. <\/p>\n\n\n\n<figure class=\"wp-block-embed is-type-video is-provider-youtube wp-block-embed-youtube wp-embed-aspect-16-9 wp-has-aspect-ratio\"><div class=\"wp-block-embed__wrapper\">\n<iframe title=\"Sehnsucht\" width=\"960\" height=\"540\" src=\"https:\/\/www.youtube.com\/embed\/S1Utfla8LfA?feature=oembed\" frameborder=\"0\" allow=\"accelerometer; autoplay; clipboard-write; encrypted-media; gyroscope; picture-in-picture; web-share\" referrerpolicy=\"strict-origin-when-cross-origin\" allowfullscreen><\/iframe>\n<\/div><\/figure>\n\n\n\n<h2 class=\"wp-block-heading\">Released Albums<\/h2>\n\n\n<div class=\"wp-block-image\">\n<figure class=\"aligncenter size-full is-resized\"><a href=\"https:\/\/www.gulis.at\/musik\/wp-content\/uploads\/2021\/03\/cd-cover-richtig-rotated.jpg\"><img fetchpriority=\"high\" decoding=\"async\" width=\"821\" height=\"820\" src=\"https:\/\/www.gulis.at\/musik\/wp-content\/uploads\/2021\/03\/cd-cover-richtig-rotated.jpg\" alt=\"\" class=\"wp-image-1946\" style=\"width:499px;height:auto\" srcset=\"https:\/\/www.gulis.at\/musik\/wp-content\/uploads\/2021\/03\/cd-cover-richtig-rotated.jpg 821w, https:\/\/www.gulis.at\/musik\/wp-content\/uploads\/2021\/03\/cd-cover-richtig-300x300.jpg 300w, https:\/\/www.gulis.at\/musik\/wp-content\/uploads\/2021\/03\/cd-cover-richtig-150x150.jpg 150w, https:\/\/www.gulis.at\/musik\/wp-content\/uploads\/2021\/03\/cd-cover-richtig-768x767.jpg 768w, https:\/\/www.gulis.at\/musik\/wp-content\/uploads\/2021\/03\/cd-cover-richtig-75x75.jpg 75w\" sizes=\"(max-width: 821px) 100vw, 821px\" \/><\/a><figcaption class=\"wp-element-caption\"><strong>Released April 2021, engine records<\/strong><\/figcaption><\/figure>\n<\/div>\n\n\n<p><strong>Aliens<\/strong>, das dritte Album von g.u.l.i.s. wurde im &#8222;Nette Alte Dame Records&#8220; &#8211; Studio unter der Regie von Matthias Krejan aufgenommen. Gemixed und gemastered wurde es von Fabio Schurischuster in der &#8222;Mischerei&#8220;. Produziert wurde es von g.u.l.i.s. Alle Songs stammen aus der Feder von Wolfgang Gulis, die Arrangements wurden von g.u.l.i.s. erarbeitet. Die Fotos sind private Aufnahmen von Gulis, H\u00fcttmayr, Ressi und Rust.  Artwork und Layout stammten von ZER. <\/p>\n\n\n\n<p>Erh\u00e4ltlich ist das Album auch digital auf allen einschl\u00e4gigen Streamingdiensten (i-tune, spotify usw&#8230;) und kann unter wolfgang@gulis.at bestellt werden. Zusendung per Post. <\/p>\n\n\n\n<div class=\"wp-block-columns is-layout-flex wp-container-core-columns-is-layout-28f84493 wp-block-columns-is-layout-flex\">\n<div class=\"wp-block-column is-layout-flow wp-block-column-is-layout-flow\">\n<h2 class=\"wp-block-heading\">Songs<\/h2>\n\n\n\n<h4 class=\"wp-block-heading\"><strong>Side A<\/strong><\/h4>\n\n\n\n<ol class=\"wp-block-list\">\n<li>Aliens machten Station<\/li>\n\n\n\n<li>Fistful of Hope<\/li>\n\n\n\n<li>Wann fing das alles an?<\/li>\n\n\n\n<li>Just astonished<\/li>\n\n\n\n<li>Sirenes of Ambulances<\/li>\n<\/ol>\n\n\n\n<h4 class=\"wp-block-heading\"><strong>Side B<\/strong><\/h4>\n\n\n\n<ol class=\"wp-block-list\">\n<li>Tut mir leid<\/li>\n\n\n\n<li>Stable Condition<\/li>\n\n\n\n<li>Nancy Pelosi\u00b4s Song<\/li>\n\n\n\n<li>Ver\u00e4ngstigtes Tier<\/li>\n<\/ol>\n\n\n\n<p><\/p>\n<\/div>\n\n\n\n<div class=\"wp-block-column is-layout-flow wp-block-column-is-layout-flow\">\n<h2 class=\"wp-block-heading\">Besetzung:<\/h2>\n\n\n\n<p>Wolfgang Gulis &#8211; Gesang, Akustikgitarre<\/p>\n\n\n\n<p>Anton H\u00fcttmayr &#8211; Bass, Sound- and Drum-Programming, Akustikgitarre, E-Gitarre, Gesang<\/p>\n\n\n\n<p>Hannes Ressi &#8211; Schlagzeug <\/p>\n\n\n\n<p>Zakk E. Rust &#8211; E-Gitarre, Gesang, Banjo<\/p>\n<\/div>\n<\/div>\n\n\n\n<div class=\"wp-block-cover aligncenter is-light\" style=\"min-height:319px;aspect-ratio:unset;\"><span aria-hidden=\"true\" class=\"wp-block-cover__background has-background-dim\"><\/span><img decoding=\"async\" width=\"1024\" height=\"1024\" class=\"wp-block-cover__image-background wp-image-1273\" alt=\"\" src=\"https:\/\/www.gulis.at\/musik\/wp-content\/uploads\/2020\/03\/CD-Cover-2000x2000-2-1024x1024.jpg\" data-object-fit=\"cover\" srcset=\"https:\/\/www.gulis.at\/musik\/wp-content\/uploads\/2020\/03\/CD-Cover-2000x2000-2-1024x1024.jpg 1024w, https:\/\/www.gulis.at\/musik\/wp-content\/uploads\/2020\/03\/CD-Cover-2000x2000-2-300x300.jpg 300w, https:\/\/www.gulis.at\/musik\/wp-content\/uploads\/2020\/03\/CD-Cover-2000x2000-2-150x150.jpg 150w, https:\/\/www.gulis.at\/musik\/wp-content\/uploads\/2020\/03\/CD-Cover-2000x2000-2-768x768.jpg 768w, https:\/\/www.gulis.at\/musik\/wp-content\/uploads\/2020\/03\/CD-Cover-2000x2000-2-1536x1536.jpg 1536w, https:\/\/www.gulis.at\/musik\/wp-content\/uploads\/2020\/03\/CD-Cover-2000x2000-2.jpg 2000w\" sizes=\"(max-width: 1024px) 100vw, 1024px\" \/><div class=\"wp-block-cover__inner-container is-layout-flow wp-block-cover-is-layout-flow\">\n<h1 class=\"wp-block-heading has-text-align-center\"><strong>Just like a river<\/strong><\/h1>\n\n\n\n<h3 class=\"wp-block-heading has-text-align-center\">CD<\/h3>\n\n\n\n<h3 class=\"wp-block-heading has-text-align-center\">Release Oktober 2018<\/h3>\n<\/div><\/div>\n\n\n\n<div class=\"wp-block-group\"><div class=\"wp-block-group__inner-container is-layout-flow wp-block-group-is-layout-flow\">\n<div class=\"wp-block-group\"><div class=\"wp-block-group__inner-container is-layout-flow wp-block-group-is-layout-flow\">\n<div class=\"wp-block-group\"><div class=\"wp-block-group__inner-container is-layout-flow wp-block-group-is-layout-flow\">\n<div class=\"wp-block-columns is-layout-flex wp-container-core-columns-is-layout-28f84493 wp-block-columns-is-layout-flex\">\n<div class=\"wp-block-column is-layout-flow wp-block-column-is-layout-flow\">\n<h3 class=\"wp-block-heading\">Songs<\/h3>\n<\/div>\n\n\n\n<div class=\"wp-block-column is-layout-flow wp-block-column-is-layout-flow\">\n<h3 class=\"wp-block-heading\">Besetzung<\/h3>\n<\/div>\n<\/div>\n<\/div><\/div>\n<\/div><\/div>\n<\/div><\/div>\n\n\n\n<div class=\"wp-block-columns is-layout-flex wp-container-core-columns-is-layout-28f84493 wp-block-columns-is-layout-flex\">\n<div class=\"wp-block-column is-vertically-aligned-center is-layout-flow wp-block-column-is-layout-flow\">\n<ol class=\"wp-block-list\">\n<li>Warten<\/li>\n\n\n\n<li>Laugh \u00b4bout My Resistance<\/li>\n\n\n\n<li>Somewhere Else<\/li>\n\n\n\n<li>Sad Song<\/li>\n\n\n\n<li>Nadine<\/li>\n\n\n\n<li>Just Like A River<\/li>\n\n\n\n<li>It\u00b4s A Rather Strange World<\/li>\n\n\n\n<li>Brown Eyes<\/li>\n\n\n\n<li>Hear The Loaded Gun<\/li>\n<\/ol>\n<\/div>\n\n\n\n<div class=\"wp-block-column is-layout-flow wp-block-column-is-layout-flow\">\n<p>Zakk E. Rust &#8211; E-Gitarre, Effekte, Vocal<\/p>\n\n\n\n<p>Wolfgang Gulis &#8211; Akustik Gitarre, Vocals<\/p>\n\n\n\n<p>Anton H\u00fcttmayr &#8211; Bass, Programming, Vocals<\/p>\n\n\n\n<p>Hannes Ressi &#8211; Drums<\/p>\n<\/div>\n<\/div>\n\n\n\n<div class=\"wp-block-cover aligncenter is-light\" style=\"min-height:50px;aspect-ratio:unset;\"><span aria-hidden=\"true\" class=\"wp-block-cover__background has-background-dim\"><\/span><img decoding=\"async\" width=\"1024\" height=\"1024\" class=\"wp-block-cover__image-background wp-image-1339\" alt=\"\" src=\"https:\/\/www.gulis.at\/musik\/wp-content\/uploads\/2020\/03\/gulis-3-cover-entw1-mk-1024x1024.jpg\" data-object-fit=\"cover\" srcset=\"https:\/\/www.gulis.at\/musik\/wp-content\/uploads\/2020\/03\/gulis-3-cover-entw1-mk-1024x1024.jpg 1024w, https:\/\/www.gulis.at\/musik\/wp-content\/uploads\/2020\/03\/gulis-3-cover-entw1-mk-300x300.jpg 300w, https:\/\/www.gulis.at\/musik\/wp-content\/uploads\/2020\/03\/gulis-3-cover-entw1-mk-150x150.jpg 150w, https:\/\/www.gulis.at\/musik\/wp-content\/uploads\/2020\/03\/gulis-3-cover-entw1-mk-768x768.jpg 768w, https:\/\/www.gulis.at\/musik\/wp-content\/uploads\/2020\/03\/gulis-3-cover-entw1-mk.jpg 1417w\" sizes=\"(max-width: 1024px) 100vw, 1024px\" \/><div class=\"wp-block-cover__inner-container is-layout-flow wp-block-cover-is-layout-flow\">\n<h1 class=\"wp-block-heading has-text-align-center\"><strong>Borderlines<\/strong><\/h1>\n\n\n\n<h3 class=\"wp-block-heading has-text-align-center\">EP 3<\/h3>\n\n\n\n<h3 class=\"wp-block-heading has-text-align-center\">Release Februar 2016<\/h3>\n<\/div><\/div>\n\n\n\n<div class=\"wp-block-columns is-layout-flex wp-container-core-columns-is-layout-28f84493 wp-block-columns-is-layout-flex\">\n<div class=\"wp-block-column is-layout-flow wp-block-column-is-layout-flow\">\n<h3 class=\"wp-block-heading\">Songs<\/h3>\n\n\n\n<ol class=\"wp-block-list\">\n<li>Blue blue screen<\/li>\n\n\n\n<li>So this in the end is what love is<\/li>\n\n\n\n<li>An den Grenzen<\/li>\n\n\n\n<li>Venice<\/li>\n\n\n\n<li>Auf dem Weg<\/li>\n<\/ol>\n<\/div>\n\n\n\n<div class=\"wp-block-column is-layout-flow wp-block-column-is-layout-flow\">\n<h3 class=\"wp-block-heading\">Besetzung<\/h3>\n\n\n\n<p>Wolfgang Gulis &#8211; Akustik Gitarre, Vocals<\/p>\n\n\n\n<p>Zakk E. Rust &#8211; E-Gitarre, Vocals<\/p>\n\n\n\n<p>Thomas Antoni\u0107 &#8211; Drums, Vocals<\/p>\n\n\n\n<p>Thomas Ringhofer &#8211; Bass<\/p>\n<\/div>\n<\/div>\n\n\n\n<div class=\"wp-block-cover is-light\" style=\"min-height:50px;aspect-ratio:unset;\"><span aria-hidden=\"true\" class=\"wp-block-cover__background has-background-dim\"><\/span><img loading=\"lazy\" decoding=\"async\" width=\"1024\" height=\"575\" class=\"wp-block-cover__image-background wp-image-1342\" alt=\"\" src=\"https:\/\/www.gulis.at\/musik\/wp-content\/uploads\/2020\/03\/IMG_20160107_101038-1024x575.jpg\" data-object-fit=\"cover\" srcset=\"https:\/\/www.gulis.at\/musik\/wp-content\/uploads\/2020\/03\/IMG_20160107_101038-1024x575.jpg 1024w, https:\/\/www.gulis.at\/musik\/wp-content\/uploads\/2020\/03\/IMG_20160107_101038-300x168.jpg 300w, https:\/\/www.gulis.at\/musik\/wp-content\/uploads\/2020\/03\/IMG_20160107_101038-768x431.jpg 768w, https:\/\/www.gulis.at\/musik\/wp-content\/uploads\/2020\/03\/IMG_20160107_101038-1536x863.jpg 1536w, https:\/\/www.gulis.at\/musik\/wp-content\/uploads\/2020\/03\/IMG_20160107_101038-2048x1150.jpg 2048w\" sizes=\"(max-width: 1024px) 100vw, 1024px\" \/><div class=\"wp-block-cover__inner-container is-layout-flow wp-block-cover-is-layout-flow\">\n<h1 class=\"wp-block-heading has-text-align-center\">The &#8222;2&#8220;<\/h1>\n\n\n\n<h3 class=\"wp-block-heading has-text-align-center\">EP 2<\/h3>\n\n\n\n<h3 class=\"wp-block-heading has-text-align-center\">Release April 2012<\/h3>\n<\/div><\/div>\n\n\n\n<div class=\"wp-block-columns is-layout-flex wp-container-core-columns-is-layout-28f84493 wp-block-columns-is-layout-flex\">\n<div class=\"wp-block-column is-layout-flow wp-block-column-is-layout-flow\">\n<h3 class=\"wp-block-heading\">Songs<\/h3>\n\n\n\n<ol class=\"wp-block-list\">\n<li>Amidst the desert<\/li>\n\n\n\n<li>Evacuation<\/li>\n\n\n\n<li>Mehri to Telos<\/li>\n\n\n\n<li>Posttraumatic<\/li>\n<\/ol>\n<\/div>\n\n\n\n<div class=\"wp-block-column is-layout-flow wp-block-column-is-layout-flow\">\n<h3 class=\"wp-block-heading\">Besetzung<\/h3>\n\n\n\n<p>Wolfgang Gulis &#8211; Vocals, Akustik Gitarre<\/p>\n\n\n\n<p>Zakk E. Rust &#8211; Vocals, E-Gitarre<\/p>\n<\/div>\n<\/div>\n\n\n\n<div class=\"wp-block-group\"><div class=\"wp-block-group__inner-container is-layout-flow wp-block-group-is-layout-flow\"><\/div><\/div>\n\n\n\n<div class=\"wp-block-cover is-light\" style=\"min-height:253px;aspect-ratio:unset;\"><span aria-hidden=\"true\" class=\"wp-block-cover__background has-background-dim\"><\/span><img loading=\"lazy\" decoding=\"async\" width=\"1024\" height=\"683\" class=\"wp-block-cover__image-background wp-image-1345\" alt=\"\" src=\"https:\/\/www.gulis.at\/musik\/wp-content\/uploads\/2020\/03\/P1030818-1024x683.jpg\" data-object-fit=\"cover\" srcset=\"https:\/\/www.gulis.at\/musik\/wp-content\/uploads\/2020\/03\/P1030818-1024x683.jpg 1024w, https:\/\/www.gulis.at\/musik\/wp-content\/uploads\/2020\/03\/P1030818-300x200.jpg 300w, https:\/\/www.gulis.at\/musik\/wp-content\/uploads\/2020\/03\/P1030818-768x512.jpg 768w, https:\/\/www.gulis.at\/musik\/wp-content\/uploads\/2020\/03\/P1030818-1536x1024.jpg 1536w, https:\/\/www.gulis.at\/musik\/wp-content\/uploads\/2020\/03\/P1030818-2048x1365.jpg 2048w\" sizes=\"(max-width: 1024px) 100vw, 1024px\" \/><div class=\"wp-block-cover__inner-container is-layout-flow wp-block-cover-is-layout-flow\">\n<h1 class=\"wp-block-heading has-text-align-center\">The first sonic logging<\/h1>\n\n\n\n<h3 class=\"wp-block-heading has-text-align-center\">EP<\/h3>\n\n\n\n<h3 class=\"wp-block-heading has-text-align-center\">Release Februar 2011<\/h3>\n<\/div><\/div>\n\n\n\n<div class=\"wp-block-columns is-layout-flex wp-container-core-columns-is-layout-28f84493 wp-block-columns-is-layout-flex\">\n<div class=\"wp-block-column is-layout-flow wp-block-column-is-layout-flow\">\n<h3 class=\"wp-block-heading\">Songs<\/h3>\n\n\n\n<ol class=\"wp-block-list\">\n<li>Frog in the box<\/li>\n\n\n\n<li>No signal<\/li>\n\n\n\n<li>Big wide world<\/li>\n\n\n\n<li>About the dreams<\/li>\n<\/ol>\n<\/div>\n\n\n\n<div class=\"wp-block-column is-layout-flow wp-block-column-is-layout-flow\">\n<h3 class=\"wp-block-heading\">Besetzung<\/h3>\n\n\n\n<p>Wolfgang Gulis &#8211; Vocals, Akustik Gitarre<\/p>\n\n\n\n<p>Zakk E. Rust &#8211; Vocals, E-Gitarre<\/p>\n<\/div>\n<\/div>\n\n\n\n<h2 class=\"wp-block-heading\"><strong>H\u00f6rproben, Videos und mehr auf<\/strong><\/h2>\n\n\n\n<h4 class=\"wp-block-heading\"><a rel=\"noopener noreferrer\" href=\"http:\/\/www.facebook.com\/gulistheband\" target=\"_blank\">Facebook <\/a><\/h4>\n\n\n\n<h4 class=\"wp-block-heading\"><a href=\"https:\/\/soundcloud.com\/g-u-l-i-s\/06-just-like-a-river\">Soundcloud<\/a><\/h4>\n\n\n\n<h4 class=\"wp-block-heading\"><a href=\"https:\/\/www.youtube.com\/watch?v=v54FdZd-vxc\">Youtube<\/a><\/h4>\n","protected":false},"excerpt":{"rendered":"<p>Single: 11.01.2025 &#8211; Live at the Club wakuum, Graz: This one is a rifle. 26. 11. 2024 &#8211; Live at the Club Wakuum, Graz: Sehnsucht. Anl\u00e4\u00dflich des Abschiedes von Zakk e. Rust wurde das Lied Sehnsucht live mitgeschnitten. Kamera: J\u00fcrgen Gerger, Edi Haberl. Schnitt: Edi Haberl. Mix und Mastering: Die Mischerei, Fabio Schurischuster, 2024. Band: Zakk e. Rust &#8211; egit.,Vocal; Hannes Ressi &#8211; drums, Anton H\u00fcttmayr &#8211; Bass, Vocals; Wolfgang Gulis &#8211; acgit., Vocal. Released Albums Aliens, das dritte Album von g.u.l.i.s. wurde im &#8222;Nette Alte Dame Records&#8220; &#8211; Studio unter der Regie von Matthias Krejan aufgenommen. Gemixed und gemastered wurde es von Fabio Schurischuster in der &#8222;Mischerei&#8220;. Produziert wurde es von g.u.l.i.s. Alle Songs stammen aus der Feder von Wolfgang Gulis, die Arrangements wurden von g.u.l.i.s. erarbeitet. Die Fotos sind private Aufnahmen von Gulis, H\u00fcttmayr, Ressi und Rust. Artwork und Layout stammten von ZER. Erh\u00e4ltlich ist das Album auch digital auf allen einschl\u00e4gigen Streamingdiensten (i-tune, spotify usw&#8230;) und kann unter wolfgang@gulis.at bestellt werden. Zusendung per Post. Songs Side A Side B Besetzung: Wolfgang Gulis &#8211; Gesang, Akustikgitarre Anton H\u00fcttmayr &#8211; Bass, Sound- and Drum-Programming, Akustikgitarre, E-Gitarre, Gesang Hannes Ressi &#8211; Schlagzeug Zakk E. Rust &#8211; E-Gitarre, Gesang, Banjo Songs Besetzung Zakk E. Rust &#8211; E-Gitarre, Effekte, Vocal Wolfgang Gulis &#8211; Akustik Gitarre, Vocals Anton H\u00fcttmayr &#8211; Bass, Programming, Vocals Hannes Ressi &#8211; Drums Songs Besetzung Wolfgang Gulis &#8211; Akustik Gitarre, Vocals Zakk E. Rust &#8211; E-Gitarre, Vocals Thomas Antoni\u0107 &#8211; Drums, Vocals Thomas Ringhofer &#8211; Bass Songs Besetzung Wolfgang Gulis &#8211; Vocals, Akustik Gitarre Zakk E. Rust &#8211; Vocals, E-Gitarre Songs Besetzung Wolfgang Gulis &#8211; Vocals, Akustik Gitarre Zakk E. Rust &#8211; Vocals, E-Gitarre H\u00f6rproben, Videos und mehr auf Facebook Soundcloud Youtube<\/p>\n","protected":false},"author":2,"featured_media":0,"parent":0,"menu_order":0,"comment_status":"closed","ping_status":"closed","template":"","meta":{"footnotes":""},"class_list":["post-5","page","type-page","status-publish","hentry"],"_links":{"self":[{"href":"https:\/\/www.gulis.at\/musik\/index.php?rest_route=\/wp\/v2\/pages\/5","targetHints":{"allow":["GET"]}}],"collection":[{"href":"https:\/\/www.gulis.at\/musik\/index.php?rest_route=\/wp\/v2\/pages"}],"about":[{"href":"https:\/\/www.gulis.at\/musik\/index.php?rest_route=\/wp\/v2\/types\/page"}],"author":[{"embeddable":true,"href":"https:\/\/www.gulis.at\/musik\/index.php?rest_route=\/wp\/v2\/users\/2"}],"replies":[{"embeddable":true,"href":"https:\/\/www.gulis.at\/musik\/index.php?rest_route=%2Fwp%2Fv2%2Fcomments&post=5"}],"version-history":[{"count":52,"href":"https:\/\/www.gulis.at\/musik\/index.php?rest_route=\/wp\/v2\/pages\/5\/revisions"}],"predecessor-version":[{"id":2559,"href":"https:\/\/www.gulis.at\/musik\/index.php?rest_route=\/wp\/v2\/pages\/5\/revisions\/2559"}],"wp:attachment":[{"href":"https:\/\/www.gulis.at\/musik\/index.php?rest_route=%2Fwp%2Fv2%2Fmedia&parent=5"}],"curies":[{"name":"wp","href":"https:\/\/api.w.org\/{rel}","templated":true}]}}