{"id":38,"date":"2011-08-04T08:01:21","date_gmt":"2011-08-04T06:01:21","guid":{"rendered":"http:\/\/www.gulis.at\/musik\/?page_id=38"},"modified":"2020-06-14T15:55:37","modified_gmt":"2020-06-14T13:55:37","slug":"songtexte","status":"publish","type":"page","link":"https:\/\/www.gulis.at\/musik\/?page_id=38","title":{"rendered":"Texte &#038; Making of"},"content":{"rendered":"<p style=\"text-align: justify;\"><strong>Making of\u2026.<\/strong><\/p>\n<p>Studien zu Folge werden Texte bei popul\u00e4ren Musikst\u00fccken selten bewusst geh\u00f6rt, geschweige denn verstanden. \u00dcbrig bleiben oft nur einzelne Zeilen, die ber\u00fchmten Refrains zum mitsingen\/-gr\u00f6len. Das Leid des\/der Texter_in! \u00a0Musik sticht Text.<\/p>\n<p>g.u.l.i.s. steht in einer Tradition, in der wir den Texten viel Bedeutung beimessen. Wir wollen den Zuh\u00f6rer_innen auch mit unseren Texten ber\u00fchren; kurze Erz\u00e4hlungen, Geschichten, Episoden, Beobachtungen &#8211; oft pers\u00f6nliches, fast immer mit einem gesellschaftlich-politischen Hintergrund.<\/p>\n<p>Um jenen Interessierten die M\u00f6glichkeit zu geben, mehr \u00fcber den Song in Erfahrung zu bringen, haben wir uns entschlossen,\u00a0 unter der Rubrik \u201eMaking of\u201c nicht nur Songtexte zu ver\u00f6ffentlichen, sondern auch etwas \u00fcber die Hintergr\u00fcnde zu erz\u00e4hlen.<\/p>\n<p>Wir hoffen, Euch damit ein wenig Freude und Erhellung in die sonst so undurchdringliche g.u.l.i.s. Welt bringen zu k\u00f6nnen.<\/p>\n","protected":false},"excerpt":{"rendered":"<p>Making of\u2026. Studien zu Folge werden Texte bei popul\u00e4ren Musikst\u00fccken selten bewusst geh\u00f6rt, geschweige denn verstanden. \u00dcbrig bleiben oft nur einzelne Zeilen, die ber\u00fchmten Refrains zum mitsingen\/-gr\u00f6len. Das Leid des\/der Texter_in! \u00a0Musik sticht Text. g.u.l.i.s. steht in einer Tradition, in der wir den Texten viel Bedeutung beimessen. Wir wollen den Zuh\u00f6rer_innen auch mit unseren Texten ber\u00fchren; kurze Erz\u00e4hlungen, Geschichten, Episoden, Beobachtungen &#8211; oft pers\u00f6nliches, fast immer mit einem gesellschaftlich-politischen Hintergrund. Um jenen Interessierten die M\u00f6glichkeit zu geben, mehr \u00fcber den Song in Erfahrung zu bringen, haben wir uns entschlossen,\u00a0 unter der Rubrik \u201eMaking of\u201c nicht nur Songtexte zu ver\u00f6ffentlichen, sondern auch etwas \u00fcber die Hintergr\u00fcnde zu erz\u00e4hlen. Wir hoffen, Euch damit ein wenig Freude und Erhellung in die sonst so undurchdringliche g.u.l.i.s. Welt bringen zu k\u00f6nnen.<\/p>\n","protected":false},"author":2,"featured_media":0,"parent":0,"menu_order":2,"comment_status":"closed","ping_status":"closed","template":"","meta":{"footnotes":""},"class_list":["post-38","page","type-page","status-publish","hentry"],"_links":{"self":[{"href":"https:\/\/www.gulis.at\/musik\/index.php?rest_route=\/wp\/v2\/pages\/38","targetHints":{"allow":["GET"]}}],"collection":[{"href":"https:\/\/www.gulis.at\/musik\/index.php?rest_route=\/wp\/v2\/pages"}],"about":[{"href":"https:\/\/www.gulis.at\/musik\/index.php?rest_route=\/wp\/v2\/types\/page"}],"author":[{"embeddable":true,"href":"https:\/\/www.gulis.at\/musik\/index.php?rest_route=\/wp\/v2\/users\/2"}],"replies":[{"embeddable":true,"href":"https:\/\/www.gulis.at\/musik\/index.php?rest_route=%2Fwp%2Fv2%2Fcomments&post=38"}],"version-history":[{"count":9,"href":"https:\/\/www.gulis.at\/musik\/index.php?rest_route=\/wp\/v2\/pages\/38\/revisions"}],"predecessor-version":[{"id":1618,"href":"https:\/\/www.gulis.at\/musik\/index.php?rest_route=\/wp\/v2\/pages\/38\/revisions\/1618"}],"wp:attachment":[{"href":"https:\/\/www.gulis.at\/musik\/index.php?rest_route=%2Fwp%2Fv2%2Fmedia&parent=38"}],"curies":[{"name":"wp","href":"https:\/\/api.w.org\/{rel}","templated":true}]}}