{"id":365,"date":"2014-04-17T15:49:06","date_gmt":"2014-04-17T13:49:06","guid":{"rendered":"http:\/\/www.gulis.at\/musik\/?page_id=365"},"modified":"2020-08-01T13:58:24","modified_gmt":"2020-08-01T11:58:24","slug":"mehri-to-telos","status":"publish","type":"page","link":"https:\/\/www.gulis.at\/musik\/?page_id=365","title":{"rendered":"Mehri to telos"},"content":{"rendered":"<pre>It\u00b4s so quiet in the olive grove\nsad how you cease up your living\nsee your drinking and\nhow you glorify the past\n\na big fat hornet makes the sound and\nthe cycades drumming through the air\n\nyou don\u00b4t realise that something happen\nto the world you want to turn back the time\nyou see the lights on the sea and\nyou are in love with the past.\n\nit\u00b4s so quiet in the olive grove\nit\u00b4s so quiet in the olive grove\n\nThe glass is empty and the music is over.\nThere\u00b4s no party and dance this night in your\ntavern\nyou stare into the dark\nlike every night - no party tonite.\n\nmechri to telos\n\nAround your red eyed alcoholic face\nsometimes little shine on what it was.\nSometimes a shimmering\nof a joke and your happiness.\n\n\nbut its over - no paradise\nbut its over - no paradise\n\nmechri to Telos\nmechri to Telos\nmechri to Telos\nmechri to Telos<\/pre>\n<p><strong>Making of:<\/strong><\/p>\n<p>Kennen Sie das, wenn sie jemanden beim Leben zuschauen und sich denken, das geht nicht gut?<\/p>\n<p>Er trinkt zuviel, gibt allen Anderen die Schuld und findet, in der Vergangenheit war alles besser. Verrennt sich in Dinge, die absonderlich sind und br\u00fctet vor sich.<\/p>\n<p>Und Sie k\u00f6nnen nichts tun, weil es sein Leben ist, weil die gemeinsame Sprache fehlt, weil ihr euch zu selten seht, um \u00fcber solche Sachen zu reden; und selbst dann\u2026<\/p>\n<p>Es war doch so sch\u00f6n und ihr hattet so viel Spa\u00df gemeinsam.<\/p>\n<p><a href=\"https:\/\/www.gulis.at\/musik\/?attachment_id=1402\" rel=\"attachment wp-att-798\"><img decoding=\"async\" class=\"alignleft wp-image-1402 \" src=\"https:\/\/www.gulis.at\/musik\/wp-content\/uploads\/2020\/04\/IMG_3075-300x225.jpg\" alt=\"\" width=\"207\" height=\"155\" srcset=\"https:\/\/www.gulis.at\/musik\/wp-content\/uploads\/2020\/04\/IMG_3075-300x225.jpg 300w, https:\/\/www.gulis.at\/musik\/wp-content\/uploads\/2020\/04\/IMG_3075.jpg 640w\" sizes=\"(max-width: 207px) 100vw, 207px\" \/><\/a>Mechri to telos \u2013 ist aus dem griechischen und heisst soviel wie: Bis zum Ende \u2013 bis zur bitteren Neige.<\/p>\n","protected":false},"excerpt":{"rendered":"<p>It\u00b4s so quiet in the olive grove sad how you cease up your living see your drinking and how you glorify the past a big fat hornet makes the sound and the cycades drumming through the air you don\u00b4t realise that something happen to the world you want to turn back the time you see the lights on the sea and you are in love with the past. it\u00b4s so quiet in the olive grove it\u00b4s so quiet in the olive grove The glass is empty and the music is over. There\u00b4s no party and dance this night in your tavern you stare into the dark like every night &#8211; no party tonite. mechri to telos Around your red eyed alcoholic face sometimes little shine on what it was. Sometimes a shimmering of a joke and your happiness. but its over &#8211; no paradise but its over &#8211; no paradise mechri to Telos mechri to Telos mechri to Telos mechri to Telos Making of: Kennen Sie das, wenn sie jemanden beim Leben zuschauen und sich denken, das geht nicht gut? Er trinkt zuviel, gibt allen Anderen die Schuld und findet, in der Vergangenheit war alles besser. Verrennt sich in Dinge, die absonderlich sind und br\u00fctet vor sich. Und Sie k\u00f6nnen nichts tun, weil es sein Leben ist, weil die gemeinsame Sprache fehlt, weil ihr euch zu selten seht, um \u00fcber solche Sachen zu reden; und selbst dann\u2026 Es war doch so sch\u00f6n und ihr hattet so viel Spa\u00df gemeinsam. Mechri to telos \u2013 ist aus dem griechischen und heisst soviel wie: Bis zum Ende \u2013 bis zur bitteren Neige.<\/p>\n","protected":false},"author":2,"featured_media":0,"parent":38,"menu_order":0,"comment_status":"closed","ping_status":"closed","template":"","meta":{"footnotes":""},"class_list":["post-365","page","type-page","status-publish","hentry"],"_links":{"self":[{"href":"https:\/\/www.gulis.at\/musik\/index.php?rest_route=\/wp\/v2\/pages\/365","targetHints":{"allow":["GET"]}}],"collection":[{"href":"https:\/\/www.gulis.at\/musik\/index.php?rest_route=\/wp\/v2\/pages"}],"about":[{"href":"https:\/\/www.gulis.at\/musik\/index.php?rest_route=\/wp\/v2\/types\/page"}],"author":[{"embeddable":true,"href":"https:\/\/www.gulis.at\/musik\/index.php?rest_route=\/wp\/v2\/users\/2"}],"replies":[{"embeddable":true,"href":"https:\/\/www.gulis.at\/musik\/index.php?rest_route=%2Fwp%2Fv2%2Fcomments&post=365"}],"version-history":[{"count":8,"href":"https:\/\/www.gulis.at\/musik\/index.php?rest_route=\/wp\/v2\/pages\/365\/revisions"}],"predecessor-version":[{"id":1760,"href":"https:\/\/www.gulis.at\/musik\/index.php?rest_route=\/wp\/v2\/pages\/365\/revisions\/1760"}],"up":[{"embeddable":true,"href":"https:\/\/www.gulis.at\/musik\/index.php?rest_route=\/wp\/v2\/pages\/38"}],"wp:attachment":[{"href":"https:\/\/www.gulis.at\/musik\/index.php?rest_route=%2Fwp%2Fv2%2Fmedia&parent=365"}],"curies":[{"name":"wp","href":"https:\/\/api.w.org\/{rel}","templated":true}]}}