{"id":362,"date":"2014-04-17T15:45:59","date_gmt":"2014-04-17T13:45:59","guid":{"rendered":"http:\/\/www.gulis.at\/musik\/?page_id=362"},"modified":"2020-06-14T15:57:15","modified_gmt":"2020-06-14T13:57:15","slug":"sehnsucht","status":"publish","type":"page","link":"https:\/\/www.gulis.at\/musik\/?page_id=362","title":{"rendered":"Sehnsucht"},"content":{"rendered":"<div>\n<pre>Ich sehne mich nach Sehnsucht<br \/>nach dem n\u00e4chsten Absturz<br \/>nach W\u00e4hlerkatastrophen.<br \/>Ich verlier mich in Sehnsucht<br \/>auf der Suche nach dem Gef\u00fchl<br \/>das Leben am Faden h\u00e4ngt.<br \/>Ich habe Sehnsucht<br \/><br \/>Was heisst schon Sehnsucht?<br \/><br \/><br \/>Ich k\u00f6nnt doch einfach glauben, dass die<br \/>Sehnsucht nach Erkl\u00e4rung z\u00e4hlt<br \/>Ich k\u00f6nnt doch einfach glauben, dass die<br \/>Sehnsucht nach Erkl\u00e4rung z\u00e4hlt<br \/><b><br \/><\/b>Ich kann nicht glauben,<br \/>dass Alle alles so gern glauben.<br \/>Ich kann nicht glauben,<br \/>das immer das gleiche zu erz\u00e4hlen - z\u00e4hlt<b> <\/b><br \/>Ich kann nicht glauben,<br \/>dass ich zulie\u00df, dass die Normen mich formen.<br \/><br \/>Formen<br \/><br \/>Ich k\u00f6nnt doch einfach glauben, dass die<br \/>Sehnsucht nach Erkl\u00e4rung z\u00e4hlt<br \/>Ich k\u00f6nnt doch einfach glauben, dass die<br \/>Sehnsucht nach Erkl\u00e4rung z\u00e4hlt<br \/><br \/>wieder z\u00e4hlt<br \/>wieder z\u00e4hlt<br \/>wieder z\u00e4hlt<\/pre>\n<\/div>\n<p><b>\u00a0<\/b><\/p>\n\n\n<p><\/p>\n","protected":false},"excerpt":{"rendered":"<p>Ich sehne mich nach Sehnsuchtnach dem n\u00e4chsten Absturznach W\u00e4hlerkatastrophen.Ich verlier mich in Sehnsuchtauf der Suche nach dem Gef\u00fchldas Leben am Faden h\u00e4ngt.Ich habe SehnsuchtWas heisst schon Sehnsucht?Ich k\u00f6nnt doch einfach glauben, dass dieSehnsucht nach Erkl\u00e4rung z\u00e4hltIch k\u00f6nnt doch einfach glauben, dass dieSehnsucht nach Erkl\u00e4rung z\u00e4hltIch kann nicht glauben,dass Alle alles so gern glauben.Ich kann nicht glauben,das immer das gleiche zu erz\u00e4hlen &#8211; z\u00e4hlt Ich kann nicht glauben,dass ich zulie\u00df, dass die Normen mich formen.FormenIch k\u00f6nnt doch einfach glauben, dass dieSehnsucht nach Erkl\u00e4rung z\u00e4hltIch k\u00f6nnt doch einfach glauben, dass dieSehnsucht nach Erkl\u00e4rung z\u00e4hltwieder z\u00e4hltwieder z\u00e4hltwieder z\u00e4hlt \u00a0<\/p>\n","protected":false},"author":2,"featured_media":0,"parent":38,"menu_order":0,"comment_status":"closed","ping_status":"closed","template":"","meta":{"footnotes":""},"class_list":["post-362","page","type-page","status-publish","hentry"],"_links":{"self":[{"href":"https:\/\/www.gulis.at\/musik\/index.php?rest_route=\/wp\/v2\/pages\/362","targetHints":{"allow":["GET"]}}],"collection":[{"href":"https:\/\/www.gulis.at\/musik\/index.php?rest_route=\/wp\/v2\/pages"}],"about":[{"href":"https:\/\/www.gulis.at\/musik\/index.php?rest_route=\/wp\/v2\/types\/page"}],"author":[{"embeddable":true,"href":"https:\/\/www.gulis.at\/musik\/index.php?rest_route=\/wp\/v2\/users\/2"}],"replies":[{"embeddable":true,"href":"https:\/\/www.gulis.at\/musik\/index.php?rest_route=%2Fwp%2Fv2%2Fcomments&post=362"}],"version-history":[{"count":2,"href":"https:\/\/www.gulis.at\/musik\/index.php?rest_route=\/wp\/v2\/pages\/362\/revisions"}],"predecessor-version":[{"id":1409,"href":"https:\/\/www.gulis.at\/musik\/index.php?rest_route=\/wp\/v2\/pages\/362\/revisions\/1409"}],"up":[{"embeddable":true,"href":"https:\/\/www.gulis.at\/musik\/index.php?rest_route=\/wp\/v2\/pages\/38"}],"wp:attachment":[{"href":"https:\/\/www.gulis.at\/musik\/index.php?rest_route=%2Fwp%2Fv2%2Fmedia&parent=362"}],"curies":[{"name":"wp","href":"https:\/\/api.w.org\/{rel}","templated":true}]}}