{"id":2401,"date":"2023-08-02T10:07:00","date_gmt":"2023-08-02T08:07:00","guid":{"rendered":"https:\/\/www.gulis.at\/musik\/?page_id=2401"},"modified":"2023-08-02T10:12:53","modified_gmt":"2023-08-02T08:12:53","slug":"this-is-anton-huettmayr","status":"publish","type":"page","link":"https:\/\/www.gulis.at\/musik\/?page_id=2401","title":{"rendered":"This is Anton H\u00fcttmayr"},"content":{"rendered":"\n<p>Hommage to Big Anton, Bass, Vocals, electronics.<\/p>\n\n\n\n<p><br>Anton H\u00fcttmayr offiziell seit 2017 bei g.u.l.i.s. pr\u00e4gt den Sound von g.u.l.i.s. und hat ihn zum exponentiell positiven ver\u00e4ndert; vom ersten Moment an, seit seines Einstiegs besticht er mit seinem wuchtigen und einfallsreichen Bassspiel, seine pr\u00e4zisen Kenntnisse \u00fcber Sounds und elektronischen Adaptionen; sowie sein Gesp\u00fcr f\u00fcr Arrangements und Verbesserungen haben g.u.l.i.s. auf eine neue Stufe gestellt. Kaum mehr wegzudenken.<\/p>\n\n\n\n<figure class=\"wp-block-embed is-type-video is-provider-youtube wp-block-embed-youtube wp-embed-aspect-16-9 wp-has-aspect-ratio\"><div class=\"wp-block-embed__wrapper\">\n<iframe title=\"This ist Big Anton\" width=\"960\" height=\"540\" src=\"https:\/\/www.youtube.com\/embed\/3aSuWJ4r7iU?feature=oembed\" frameborder=\"0\" allow=\"accelerometer; autoplay; clipboard-write; encrypted-media; gyroscope; picture-in-picture; web-share\" allowfullscreen><\/iframe>\n<\/div><\/figure>\n","protected":false},"excerpt":{"rendered":"<p>Hommage to Big Anton, Bass, Vocals, electronics. Anton H\u00fcttmayr offiziell seit 2017 bei g.u.l.i.s. pr\u00e4gt den Sound von g.u.l.i.s. und hat ihn zum exponentiell positiven ver\u00e4ndert; vom ersten Moment an, seit seines Einstiegs besticht er mit seinem wuchtigen und einfallsreichen Bassspiel, seine pr\u00e4zisen Kenntnisse \u00fcber Sounds und elektronischen Adaptionen; sowie sein Gesp\u00fcr f\u00fcr Arrangements und Verbesserungen haben g.u.l.i.s. auf eine neue Stufe gestellt. Kaum mehr wegzudenken.<\/p>\n","protected":false},"author":2,"featured_media":0,"parent":40,"menu_order":0,"comment_status":"closed","ping_status":"closed","template":"","meta":{"footnotes":""},"class_list":["post-2401","page","type-page","status-publish","hentry"],"_links":{"self":[{"href":"https:\/\/www.gulis.at\/musik\/index.php?rest_route=\/wp\/v2\/pages\/2401","targetHints":{"allow":["GET"]}}],"collection":[{"href":"https:\/\/www.gulis.at\/musik\/index.php?rest_route=\/wp\/v2\/pages"}],"about":[{"href":"https:\/\/www.gulis.at\/musik\/index.php?rest_route=\/wp\/v2\/types\/page"}],"author":[{"embeddable":true,"href":"https:\/\/www.gulis.at\/musik\/index.php?rest_route=\/wp\/v2\/users\/2"}],"replies":[{"embeddable":true,"href":"https:\/\/www.gulis.at\/musik\/index.php?rest_route=%2Fwp%2Fv2%2Fcomments&post=2401"}],"version-history":[{"count":1,"href":"https:\/\/www.gulis.at\/musik\/index.php?rest_route=\/wp\/v2\/pages\/2401\/revisions"}],"predecessor-version":[{"id":2402,"href":"https:\/\/www.gulis.at\/musik\/index.php?rest_route=\/wp\/v2\/pages\/2401\/revisions\/2402"}],"up":[{"embeddable":true,"href":"https:\/\/www.gulis.at\/musik\/index.php?rest_route=\/wp\/v2\/pages\/40"}],"wp:attachment":[{"href":"https:\/\/www.gulis.at\/musik\/index.php?rest_route=%2Fwp%2Fv2%2Fmedia&parent=2401"}],"curies":[{"name":"wp","href":"https:\/\/api.w.org\/{rel}","templated":true}]}}