{"id":2308,"date":"2023-02-28T17:28:06","date_gmt":"2023-02-28T15:28:06","guid":{"rendered":"https:\/\/www.gulis.at\/musik\/?page_id=2308"},"modified":"2023-02-28T17:40:58","modified_gmt":"2023-02-28T15:40:58","slug":"zakk-e-rust","status":"publish","type":"page","link":"https:\/\/www.gulis.at\/musik\/?page_id=2308","title":{"rendered":"Zakk e. Rust"},"content":{"rendered":"\n<h2 class=\"wp-block-heading\">Best solos &#8211; Compilation<\/h2>\n\n\n\n<p>Zakk e. Rust, Gr\u00fcndungsmitglied, Gitarrist und zweite Stimme bei g.u.l.i.s. pr\u00e4gt mit seinem Gesp\u00fcr f\u00fcr Stimmungen und seinen musikalischen F\u00e4higkeiten den Sound bei g.u.l.i.s. Seine Zutaten zum Arrangement machen unseren brodelnden Kessel an Arrangements zu Kleinoden der Popgeschichte.<\/p>\n\n\n\n<figure class=\"wp-block-embed is-type-video is-provider-youtube wp-block-embed-youtube wp-embed-aspect-16-9 wp-has-aspect-ratio\"><div class=\"wp-block-embed__wrapper\">\n<iframe title=\"Zakk e. Rust - best solos\" width=\"960\" height=\"540\" src=\"https:\/\/www.youtube.com\/embed\/KhXomenkYLs?feature=oembed\" frameborder=\"0\" allow=\"accelerometer; autoplay; clipboard-write; encrypted-media; gyroscope; picture-in-picture; web-share\" allowfullscreen><\/iframe>\n<\/div><\/figure>\n","protected":false},"excerpt":{"rendered":"<p>Best solos &#8211; Compilation Zakk e. Rust, Gr\u00fcndungsmitglied, Gitarrist und zweite Stimme bei g.u.l.i.s. pr\u00e4gt mit seinem Gesp\u00fcr f\u00fcr Stimmungen und seinen musikalischen F\u00e4higkeiten den Sound bei g.u.l.i.s. Seine Zutaten zum Arrangement machen unseren brodelnden Kessel an Arrangements zu Kleinoden der Popgeschichte.<\/p>\n","protected":false},"author":2,"featured_media":0,"parent":40,"menu_order":0,"comment_status":"closed","ping_status":"closed","template":"","meta":{"footnotes":""},"class_list":["post-2308","page","type-page","status-publish","hentry"],"_links":{"self":[{"href":"https:\/\/www.gulis.at\/musik\/index.php?rest_route=\/wp\/v2\/pages\/2308","targetHints":{"allow":["GET"]}}],"collection":[{"href":"https:\/\/www.gulis.at\/musik\/index.php?rest_route=\/wp\/v2\/pages"}],"about":[{"href":"https:\/\/www.gulis.at\/musik\/index.php?rest_route=\/wp\/v2\/types\/page"}],"author":[{"embeddable":true,"href":"https:\/\/www.gulis.at\/musik\/index.php?rest_route=\/wp\/v2\/users\/2"}],"replies":[{"embeddable":true,"href":"https:\/\/www.gulis.at\/musik\/index.php?rest_route=%2Fwp%2Fv2%2Fcomments&post=2308"}],"version-history":[{"count":2,"href":"https:\/\/www.gulis.at\/musik\/index.php?rest_route=\/wp\/v2\/pages\/2308\/revisions"}],"predecessor-version":[{"id":2317,"href":"https:\/\/www.gulis.at\/musik\/index.php?rest_route=\/wp\/v2\/pages\/2308\/revisions\/2317"}],"up":[{"embeddable":true,"href":"https:\/\/www.gulis.at\/musik\/index.php?rest_route=\/wp\/v2\/pages\/40"}],"wp:attachment":[{"href":"https:\/\/www.gulis.at\/musik\/index.php?rest_route=%2Fwp%2Fv2%2Fmedia&parent=2308"}],"curies":[{"name":"wp","href":"https:\/\/api.w.org\/{rel}","templated":true}]}}