{"id":864,"date":"2021-02-28T15:14:49","date_gmt":"2021-02-28T14:14:49","guid":{"rendered":"https:\/\/www.gulis.at\/coaching\/?page_id=864"},"modified":"2021-03-02T15:03:52","modified_gmt":"2021-03-02T14:03:52","slug":"gulis","status":"publish","type":"page","link":"https:\/\/www.gulis.at\/coaching\/gulis\/","title":{"rendered":"GULIS"},"content":{"rendered":"\n<p>Das Leben besteht aus vielen verschiedenen Seiten und je l\u00e4nger meines dauert, desto mehr h\u00e4ngt alles mit allem zusammen. Und dessenthalben kann ich und will ich mein Sein als Coach von meinen anderen Aktivit\u00e4ten, nicht trennen. Daher bin ich auch Musiker &amp; Autor.<\/p>\n\n\n\n<p><a href=\"https:\/\/gulis.at\/schreiben\">Hier gehts zur Autorenseite.<\/a><\/p>\n\n\n\n<p><a href=\"https:\/\/gulis.at\/musik\">Hier gehts zur Musikseite.<\/a><\/p>\n","protected":false},"excerpt":{"rendered":"<p>Das Leben besteht aus vielen verschiedenen Seiten und je l\u00e4nger meines dauert, desto mehr h\u00e4ngt alles mit allem zusammen. Und dessenthalben kann ich und will ich mein Sein als Coach von meinen anderen Aktivit\u00e4ten, nicht trennen. Daher bin ich auch Musiker &amp; Autor. Hier gehts zur Autorenseite. Hier gehts zur Musikseite.<\/p>\n","protected":false},"author":2,"featured_media":0,"parent":0,"menu_order":0,"comment_status":"closed","ping_status":"closed","template":"","meta":[],"_links":{"self":[{"href":"https:\/\/www.gulis.at\/coaching\/wp-json\/wp\/v2\/pages\/864"}],"collection":[{"href":"https:\/\/www.gulis.at\/coaching\/wp-json\/wp\/v2\/pages"}],"about":[{"href":"https:\/\/www.gulis.at\/coaching\/wp-json\/wp\/v2\/types\/page"}],"author":[{"embeddable":true,"href":"https:\/\/www.gulis.at\/coaching\/wp-json\/wp\/v2\/users\/2"}],"replies":[{"embeddable":true,"href":"https:\/\/www.gulis.at\/coaching\/wp-json\/wp\/v2\/comments?post=864"}],"version-history":[{"count":2,"href":"https:\/\/www.gulis.at\/coaching\/wp-json\/wp\/v2\/pages\/864\/revisions"}],"predecessor-version":[{"id":1135,"href":"https:\/\/www.gulis.at\/coaching\/wp-json\/wp\/v2\/pages\/864\/revisions\/1135"}],"wp:attachment":[{"href":"https:\/\/www.gulis.at\/coaching\/wp-json\/wp\/v2\/media?parent=864"}],"curies":[{"name":"wp","href":"https:\/\/api.w.org\/{rel}","templated":true}]}}