{"id":860,"date":"2021-02-28T15:07:24","date_gmt":"2021-02-28T14:07:24","guid":{"rendered":"https:\/\/www.gulis.at\/coaching\/?page_id=860"},"modified":"2023-11-15T10:59:08","modified_gmt":"2023-11-15T09:59:08","slug":"referenzen","status":"publish","type":"page","link":"https:\/\/www.gulis.at\/coaching\/referenzen\/","title":{"rendered":"Referenzen"},"content":{"rendered":"\n<h4><mark style=\"background-color:rgba(0, 0, 0, 0);color:#006089\" class=\"has-inline-color\"><strong>Referenzprojekte &#8211; Coaching (Auszug):<\/strong><\/mark><\/h4>\n\n\n\n<div class=\"is-layout-flex wp-container-3 wp-block-columns\">\n<div class=\"is-layout-flow wp-block-column\" style=\"flex-basis:66.66%\">\n<p><strong>2023: Klausur zur Konzepterarbeitung f\u00fcr die <a rel=\"noreferrer noopener\" href=\"https:\/\/www.aids-hilfe.at\/\" target=\"_blank\">Aids Hilfe Steiermark<\/a> <\/strong><\/p>\n\n\n\n<p><strong>2014 &#8211; 2023:<\/strong> Konzeption, Klausurmoderation, F\u00fchrungskr\u00e4ftecoaching: <strong><a rel=\"noreferrer noopener\" href=\"https:\/\/www.antidiskriminierungsstelle.steiermark.at\/\" target=\"_blank\">Antidiskriminierungsstelle des Landes Steiermark<\/a><\/strong><\/p>\n\n\n\n<p><strong>2013 &#8211; 2021: <\/strong>Evaluation, Konzeption, Projektbegleitung, Moderation, Coaching: <strong><a rel=\"noreferrer noopener\" href=\"https:\/\/www.jukus.at\/\" target=\"_blank\">Verein Jukus<\/a><\/strong><\/p>\n\n\n\n<p><strong>2015 &#8211; 2023: <\/strong>F\u00fchrungskr\u00e4fte und Teamcoaching, Klausurmoderation: <strong><a rel=\"noreferrer noopener\" href=\"http:\/\/www.ikemba.at\/\" target=\"_blank\">Verein Ikemba<\/a><\/strong><\/p>\n\n\n\n<p>2019 &#8211; 2023: <a href=\"https:\/\/www.graz.at\/cms\/beitrag\/10023588\/7771507\/\" target=\"_blank\" rel=\"noreferrer noopener\"><strong>Klausuren Migrant*innenbeirat<\/strong><\/a><\/p>\n\n\n\n<p><\/p>\n<\/div>\n\n\n\n<div class=\"is-layout-flow wp-block-column\" style=\"flex-basis:33.33%\">\n<figure class=\"wp-block-image size-large is-resized\"><a href=\"https:\/\/www.gulis.at\/coaching\/wp-content\/uploads\/2021\/03\/P1020279-scaled.jpg\"><img decoding=\"async\" loading=\"lazy\" src=\"https:\/\/www.gulis.at\/coaching\/wp-content\/uploads\/2021\/03\/P1020279-683x1024.jpg\" alt=\"\" class=\"wp-image-1056\" width=\"165\" height=\"247\" srcset=\"https:\/\/www.gulis.at\/coaching\/wp-content\/uploads\/2021\/03\/P1020279-683x1024.jpg 683w, https:\/\/www.gulis.at\/coaching\/wp-content\/uploads\/2021\/03\/P1020279-200x300.jpg 200w, https:\/\/www.gulis.at\/coaching\/wp-content\/uploads\/2021\/03\/P1020279-768x1152.jpg 768w, https:\/\/www.gulis.at\/coaching\/wp-content\/uploads\/2021\/03\/P1020279-1024x1536.jpg 1024w, https:\/\/www.gulis.at\/coaching\/wp-content\/uploads\/2021\/03\/P1020279-1365x2048.jpg 1365w, https:\/\/www.gulis.at\/coaching\/wp-content\/uploads\/2021\/03\/P1020279-scaled.jpg 1707w\" sizes=\"(max-width: 165px) 100vw, 165px\" \/><\/a><\/figure>\n\n\n\n<p><\/p>\n<\/div>\n<\/div>\n","protected":false},"excerpt":{"rendered":"<p>Referenzprojekte &#8211; Coaching (Auszug): 2023: Klausur zur Konzepterarbeitung f\u00fcr die Aids Hilfe Steiermark 2014 &#8211; 2023: Konzeption, Klausurmoderation, F\u00fchrungskr\u00e4ftecoaching: Antidiskriminierungsstelle des Landes Steiermark 2013 &#8211; 2021: Evaluation, Konzeption, Projektbegleitung, Moderation, Coaching: Verein Jukus 2015 &#8211; 2023: F\u00fchrungskr\u00e4fte und Teamcoaching, Klausurmoderation: Verein Ikemba 2019 &#8211; 2023: Klausuren Migrant*innenbeirat<\/p>\n","protected":false},"author":2,"featured_media":0,"parent":0,"menu_order":0,"comment_status":"closed","ping_status":"closed","template":"","meta":[],"_links":{"self":[{"href":"https:\/\/www.gulis.at\/coaching\/wp-json\/wp\/v2\/pages\/860"}],"collection":[{"href":"https:\/\/www.gulis.at\/coaching\/wp-json\/wp\/v2\/pages"}],"about":[{"href":"https:\/\/www.gulis.at\/coaching\/wp-json\/wp\/v2\/types\/page"}],"author":[{"embeddable":true,"href":"https:\/\/www.gulis.at\/coaching\/wp-json\/wp\/v2\/users\/2"}],"replies":[{"embeddable":true,"href":"https:\/\/www.gulis.at\/coaching\/wp-json\/wp\/v2\/comments?post=860"}],"version-history":[{"count":16,"href":"https:\/\/www.gulis.at\/coaching\/wp-json\/wp\/v2\/pages\/860\/revisions"}],"predecessor-version":[{"id":1761,"href":"https:\/\/www.gulis.at\/coaching\/wp-json\/wp\/v2\/pages\/860\/revisions\/1761"}],"wp:attachment":[{"href":"https:\/\/www.gulis.at\/coaching\/wp-json\/wp\/v2\/media?parent=860"}],"curies":[{"name":"wp","href":"https:\/\/api.w.org\/{rel}","templated":true}]}}