{"id":1651,"date":"2021-10-22T08:51:18","date_gmt":"2021-10-22T07:51:18","guid":{"rendered":"https:\/\/www.gulis.at\/coaching\/?page_id=1651"},"modified":"2021-10-22T08:58:22","modified_gmt":"2021-10-22T07:58:22","slug":"expertise","status":"publish","type":"page","link":"https:\/\/www.gulis.at\/coaching\/expertise\/","title":{"rendered":"Expertise"},"content":{"rendered":"<div data-colibri-id=\"1651-c1\" class=\"style-522 style-local-1651-c1 position-relative\">\n  <!---->\n  <div data-colibri-component=\"section\" data-colibri-id=\"1651-c2\" id=\"initial-content\" class=\"h-section h-section-global-spacing d-flex align-items-lg-center align-items-md-center align-items-center style-523 style-local-1651-c2 position-relative\">\n    <!---->\n    <!---->\n    <div class=\"h-section-grid-container h-section-boxed-container\">\n      <!---->\n      <div data-colibri-id=\"1651-c3\" class=\"h-row-container gutters-row-lg-2 gutters-row-md-2 gutters-row-0 gutters-row-v-lg-2 gutters-row-v-md-2 gutters-row-v-2 style-524 style-local-1651-c3 position-relative\">\n        <!---->\n        <div class=\"h-row justify-content-lg-center justify-content-md-center justify-content-center align-items-lg-stretch align-items-md-stretch align-items-stretch gutters-col-lg-2 gutters-col-md-2 gutters-col-0 gutters-col-v-lg-2 gutters-col-v-md-2 gutters-col-v-2\">\n          <!---->\n          <div class=\"h-column h-column-container d-flex h-col-lg-auto h-col-md-auto h-col-auto style-525-outer style-local-1651-c4-outer\">\n            <div data-colibri-id=\"1651-c4\" class=\"d-flex h-flex-basis h-column__inner h-px-lg-2 h-px-md-2 h-px-2 v-inner-lg-2 v-inner-md-2 v-inner-2 style-525 style-local-1651-c4 position-relative\">\n              <!---->\n              <!---->\n              <div class=\"w-100 h-y-container h-column__content h-column__v-align flex-basis-100 align-self-lg-start align-self-md-start align-self-start\">\n                <!---->\n                <div data-colibri-id=\"1651-c5\" class=\"style-526 style-local-1651-c5 position-relative h-element\">\n                  <!---->\n                  <div>\n                    \n                    <p class=\"has-text-align-center\"><span class=\"has-inline-color has-colibri-color-2-color\"><br><em>&#8222;Ich sch\u00e4tze an deinem Beratungs- und Coachingstil, deine Direktheit, die Dinge gleich beim Namen zu nennen und die Karten auf den Tisch zu legen, ohne Wenn und Aber. Du verlierst nie den Durchblick, entemotionalisierst aufgeladene Situationen und entwickelst strategisches Know-How.<br>Ich kann Dir vertrauen, du bist diskret und gibst mir gute Ratschl\u00e4ge, die in der Praxis helfen.<\/em><\/span>                      <span class=\"has-inline-color has-colibri-color-2-color\"><em>Du schaffst mit deinen Einheiten Raum, eigene Erfahrungen bestm\u00f6glich zu reflektieren und daraus lernen zu k\u00f6nnen. Du bleibst gelassen und machst es mir selbst m\u00f6glich, auf meine St\u00e4rken zu vertrauen.<\/em>&#8222;<\/span>                      <\/p>\n                    \n\n                    \n                    <p class=\"has-text-align-center\"><span class=\"has-inline-color has-colibri-color-2-color\"><em>Daniela Grabovac, Gr\u00fcnderin von Helping Hands und Leiterin der Antidiskriminierungsstelle Steiermark <\/em>        <\/span> <\/p>\n                    \n\n                    \n                    <p>In 23 Jahren T\u00e4tigkeit (1987 \u2013 2010) als Projektleiter und Gesch\u00e4ftsf\u00fchrer des Vereins Zebra und den folgenden Jahren als Vortragender, Workshopleiter und Prozessbegleiter habe ich mir ein umfangreiches Theorie- und Praxiswissen zu\n                      den Themen Migration &amp; Asyl, Diversit\u00e4t und Interkulturalit\u00e4t, sowie Diskriminierung und Rassismus angeeignet, das ich in Folge in Planung und Durchf\u00fchrung von Bildungsveranstaltungen umgesetzt und weiter entwickelt habe. &nbsp;<\/p>\n                    \n\n                    \n                    <p>Hier finden Sie einen Auszug meiner Arbeit.<\/p>\n                    \n                  <\/div>\n                <\/div>\n              <\/div>\n            <\/div>\n          <\/div>\n        <\/div>\n      <\/div>\n    <\/div>\n  <\/div>\n  <div data-colibri-component=\"section\" data-colibri-id=\"1651-c6\" id=\"overlappable\" class=\"h-section h-section-global-spacing d-flex align-items-lg-center align-items-md-center align-items-center style-527 style-local-1651-c6 position-relative\">\n    <!---->\n    <!---->\n    <div class=\"h-section-grid-container h-section-boxed-container\">\n      <!---->\n      <div data-colibri-id=\"1651-c7\" class=\"h-row-container gutters-row-lg-0 gutters-row-md-0 gutters-row-2 gutters-row-v-lg-0 gutters-row-v-md-0 gutters-row-v-2 style-528 style-local-1651-c7 position-relative\">\n        <!---->\n        <div class=\"h-row justify-content-lg-center justify-content-md-center justify-content-center align-items-lg-stretch align-items-md-stretch align-items-stretch gutters-col-lg-0 gutters-col-md-0 gutters-col-2 gutters-col-v-lg-0 gutters-col-v-md-0 gutters-col-v-2\">\n          <!---->\n          <div class=\"h-column h-column-container d-flex h-col-lg-4 h-col-md-4 h-col-12 style-529-outer style-local-1651-c14-outer\">\n            <div data-colibri-id=\"1651-c14\" class=\"d-flex h-flex-basis h-column__inner h-px-lg-3 h-px-md-3 h-px-2 v-inner-lg-3 v-inner-md-3 v-inner-2 style-529 style-local-1651-c14 position-relative\">\n              <!---->\n              <!---->\n              <div class=\"w-100 h-y-container h-column__content h-column__v-align flex-basis-100 align-self-lg-start align-self-md-start align-self-start\">\n                <!---->\n                <div data-colibri-id=\"1651-c15\" class=\"h-icon style-530 style-local-1651-c15 position-relative h-element\">\n                  <!---->\n                  <a href=\"https:\/\/www.gulis.at\/coaching\/lehre-vortraege\/\" h-use-smooth-scroll=\"true\"><span class=\"h-svg-icon h-icon__icon style-530-icon style-local-1651-c15-icon\"><!--Icon by Font Awesome (https:\/\/fontawesome.com)--><svg version=\"1.1\" xmlns=\"http:\/\/www.w3.org\/2000\/svg\" xmlns:xlink=\"http:\/\/www.w3.org\/1999\/xlink\" id=\"edit\" viewBox=\"0 0 1792 1896.0833\"><path d=\"M888 1184l116-116-152-152-116 116v56h96v96h56zm440-720q-16-16-33 1L945 815q-17 17-1 33t33-1l350-350q17-17 1-33zm80 594v190q0 119-84.5 203.5T1120 1536H288q-119 0-203.5-84.5T0 1248V416q0-119 84.5-203.5T288 128h832q63 0 117 25 15 7 18 23 3 17-9 29l-49 49q-14 14-32 8-23-6-45-6H288q-66 0-113 47t-47 113v832q0 66 47 113t113 47h832q66 0 113-47t47-113v-126q0-13 9-22l64-64q15-15 35-7t20 29zm-96-738l288 288-672 672H640V992zm444 132l-92 92-288-288 92-92q28-28 68-28t68 28l152 152q28 28 28 68t-28 68z\"><\/path><\/svg><\/span><\/a>\n                <\/div>\n                <div data-colibri-id=\"1651-c16\" class=\"h-global-transition-all h-heading style-531 style-local-1651-c16 position-relative h-element\">\n                  <!---->\n                  <div class=\"h-heading__outer style-531 style-local-1651-c16\">\n                    <!---->\n                    <!---->\n                    <a href=\"https:\/\/www.gulis.at\/coaching\/lehre-vortraege\/\" h-use-smooth-scroll=\"true\">\n                      <h5 class=\"\">lehre &amp; vortr\u00e4ge<\/h5>\n                    <\/a>\n                  <\/div>\n                <\/div>\n                <div data-colibri-id=\"1651-c17\" class=\"h-text h-text-component style-532 style-local-1651-c17 position-relative h-element\">\n                  <!---->\n                  <!---->\n                  <div class=\"\">\n                    <p>Hier finden Sie einen Auszug meiner zahlreichen gehaltenen Vortr\u00e4ge sowie meiner Veranstaltungen an Hochschulen.<\/p>\n                  <\/div>\n                <\/div>\n              <\/div>\n            <\/div>\n          <\/div>\n          <div class=\"h-column h-column-container d-flex h-col-lg-4 h-col-md-4 h-col-12 style-529-outer style-local-1651-c20-outer\">\n            <div data-colibri-id=\"1651-c20\" class=\"d-flex h-flex-basis h-column__inner h-px-lg-3 h-px-md-3 h-px-2 v-inner-lg-3 v-inner-md-3 v-inner-2 style-529 style-local-1651-c20 position-relative\">\n              <!---->\n              <!---->\n              <div class=\"w-100 h-y-container h-column__content h-column__v-align flex-basis-100 align-self-lg-start align-self-md-start align-self-start\">\n                <!---->\n                <div data-colibri-id=\"1651-c21\" class=\"h-icon style-530 style-local-1651-c21 position-relative h-element\">\n                  <!---->\n                  <a href=\"https:\/\/www.gulis.at\/coaching\/seminare-workshops\/\" h-use-smooth-scroll=\"true\"><span class=\"h-svg-icon h-icon__icon style-530-icon style-local-1651-c21-icon\"><!--Icon by Font Awesome (https:\/\/fontawesome.com)--><svg version=\"1.1\" xmlns=\"http:\/\/www.w3.org\/2000\/svg\" xmlns:xlink=\"http:\/\/www.w3.org\/1999\/xlink\" id=\"microphone\" viewBox=\"0 0 1246.5988 1896.0833\"><path d=\"M1152 704v128q0 221-147.5 384.5T640 1404v132h256q26 0 45 19t19 45-19 45-45 19H256q-26 0-45-19t-19-45 19-45 45-19h256v-132q-217-24-364.5-187.5T0 832V704q0-26 19-45t45-19 45 19 19 45v128q0 185 131.5 316.5T576 1280t316.5-131.5T1024 832V704q0-26 19-45t45-19 45 19 19 45zM896 320v512q0 132-94 226t-226 94-226-94-94-226V320q0-132 94-226T576 0t226 94 94 226z\"><\/path><\/svg><\/span><\/a>\n                <\/div>\n                <div data-colibri-id=\"1651-c22\" class=\"h-global-transition-all h-heading style-531 style-local-1651-c22 position-relative h-element\">\n                  <!---->\n                  <div class=\"h-heading__outer style-531 style-local-1651-c22\">\n                    <!---->\n                    <!---->\n                    <a href=\"https:\/\/www.gulis.at\/coaching\/seminare-workshops\/\" h-use-smooth-scroll=\"true\">\n                      <h5 class=\"\">Seminare &amp; Workshops<\/h5>\n                    <\/a>\n                  <\/div>\n                <\/div>\n                <div data-colibri-id=\"1651-c23\" class=\"h-text h-text-component style-532 style-local-1651-c23 position-relative h-element\">\n                  <!---->\n                  <!---->\n                  <div class=\"\">\n                    <p>Hier finden Sie einen \u00dcberblick meiner organisierten sowie durchgef\u00fchrten Seminare und Workshops.<\/p>\n                  <\/div>\n                <\/div>\n              <\/div>\n            <\/div>\n          <\/div>\n        <\/div>\n      <\/div>\n    <\/div>\n  <\/div>\n<\/div>","protected":false},"excerpt":{"rendered":"<p>&#8222;Ich sch\u00e4tze an deinem Beratungs- und Coachingstil, deine Direktheit, die Dinge gleich beim Namen zu nennen und die Karten auf den Tisch zu legen, ohne Wenn und Aber. Du verlierst nie den Durchblick, entemotionalisierst aufgeladene Situationen und entwickelst strategisches Know-How.Ich kann Dir vertrauen, du bist diskret und gibst mir gute Ratschl\u00e4ge, die in der Praxis [&hellip;]<\/p>\n","protected":false},"author":2,"featured_media":0,"parent":0,"menu_order":0,"comment_status":"closed","ping_status":"closed","template":"page-templates\/full-width-page.php","meta":[],"_links":{"self":[{"href":"https:\/\/www.gulis.at\/coaching\/wp-json\/wp\/v2\/pages\/1651"}],"collection":[{"href":"https:\/\/www.gulis.at\/coaching\/wp-json\/wp\/v2\/pages"}],"about":[{"href":"https:\/\/www.gulis.at\/coaching\/wp-json\/wp\/v2\/types\/page"}],"author":[{"embeddable":true,"href":"https:\/\/www.gulis.at\/coaching\/wp-json\/wp\/v2\/users\/2"}],"replies":[{"embeddable":true,"href":"https:\/\/www.gulis.at\/coaching\/wp-json\/wp\/v2\/comments?post=1651"}],"version-history":[{"count":4,"href":"https:\/\/www.gulis.at\/coaching\/wp-json\/wp\/v2\/pages\/1651\/revisions"}],"predecessor-version":[{"id":1658,"href":"https:\/\/www.gulis.at\/coaching\/wp-json\/wp\/v2\/pages\/1651\/revisions\/1658"}],"wp:attachment":[{"href":"https:\/\/www.gulis.at\/coaching\/wp-json\/wp\/v2\/media?parent=1651"}],"curies":[{"name":"wp","href":"https:\/\/api.w.org\/{rel}","templated":true}]}}