{"id":1157,"date":"2021-03-03T09:47:14","date_gmt":"2021-03-03T08:47:14","guid":{"rendered":"https:\/\/www.gulis.at\/coaching\/?page_id=1157"},"modified":"2024-02-12T13:55:29","modified_gmt":"2024-02-12T12:55:29","slug":"seminare-workshops","status":"publish","type":"page","link":"https:\/\/www.gulis.at\/coaching\/seminare-workshops\/","title":{"rendered":"Seminare &#038; Workshops"},"content":{"rendered":"\n<h4>Familienakademie der Kinderfreunde Steiermark<\/h4>\n\n\n\n<ul>\n<li>Interkulturelle Kompetenz und Basislehrgang Fl\u00fcchtlingsbetreuung, Workshop: Asyl- und Fl\u00fcchtlingspolitik. Hintergr\u00fcnde, Analysen und Praxischeck, 1. M\u00e4rz 2024<\/li>\n<\/ul>\n\n\n\n<h4><strong><mark style=\"background-color:rgba(0, 0, 0, 0);color:#006089\" class=\"has-inline-color\">Bifeb workshops<\/mark><\/strong><\/h4>\n\n\n\n<ul>\n<li>Erwachsenenbildung in der Migrationsgesellschaft: <a href=\"https:\/\/www.bifeb.at\/bifeb-newsletter\/newsletter\/ueberbrueckung-der-kluft\/\" target=\"_blank\" rel=\"noreferrer noopener\">\u00dcberbr\u00fcckung der Kluft. Workshop.<\/a> Berichterstattung\/Impuls, Koordination: Wolfgang Gulis, 28. Februar \u2013 1. M\u00e4rz 2017<\/li>\n\n\n\n<li>Erwachsenenbildung in der Migrationsgesellschaft: <a href=\"https:\/\/erwachsenenbildung.at\/aktuell\/nachrichten\/9962-leitlinien-fuer-die-erwachsenenbildung-on-the-road.php\" target=\"_blank\" rel=\"noreferrer noopener\">Leitlinien on the road. Tagung;<\/a> Moderation, Koordination: Wolfgang Gulis, 15.- 16. M\u00e4rz 2016.<\/li>\n\n\n\n<li>Migrationsgesellschaft konkret: Leitlinienerstellung und Praxistransfer. Tagung; Berichterstattung\/Impuls, Prozessbegleitung: Wolfgang Gulis. Tagung. 25. \u2013 26. M\u00e4rz 2015.<\/li>\n<\/ul>\n\n\n\n<h4><strong><span style=\"color:#006089\" class=\"has-inline-color\">Gr\u00fcne Bildungswerkstatt Burgenland<\/span><\/strong><\/h4>\n\n\n\n<ul>\n<li>Willkommen! Gefl\u00fcchtete unterst\u00fctzen, aber wie? Workshopleitung: Wolfgang Gulis, Wiesen, 5. M\u00e4rz 2016.<\/li>\n<\/ul>\n\n\n\n<h4><strong><span style=\"color:#006089\" class=\"has-inline-color\">Gr\u00fcne Bildungswerkstatt K\u00e4rnten<\/span><\/strong><\/h4>\n\n\n\n<ul>\n<li>Willkommen! Gefl\u00fcchtete unterst\u00fctzen, aber wie? Workshopleitung: Wolfgang Gulis, Villach, Klagenfurt, 12.-13. Februar 2016.<\/li>\n<\/ul>\n\n\n\n<h4><strong><span style=\"color:#006089\" class=\"has-inline-color\">AMS (Arbeitsmarktservice Steiermark)<\/span><\/strong><\/h4>\n\n\n\n<ul>\n<li>Sensibilisierung und Schaffung von Hintergrundwissen zu Migration mit Gender Schwerpunkt. 4 Workshops, 2015\/2016.<\/li>\n<\/ul>\n\n\n\n<h4><strong><span style=\"color:#006089\" class=\"has-inline-color\">Rote Nasen<\/span><\/strong><\/h4>\n\n\n\n<ul>\n<li>Herausforderung Vielfalt! Vielfalt als Chance. Workshop. 15. M\u00e4rz 2015.<\/li>\n<\/ul>\n\n\n\n<h4><strong><span style=\"color:#006089\" class=\"has-inline-color\">P\u00e4dagogischen Hochschule Steiermark und der Lebenshilfe Graz und Umgebung \u2013 Voitsberg<\/span><\/strong><\/h4>\n\n\n\n<ul>\n<li>Diversit\u00e4t und Interkulturalit\u00e4t, Intersektionalit\u00e4t und Soziale Praxen, Seminar, Lehrgang \u201eProzessbegleitung\/Inklusion, J\u00e4nner 2015.<\/li>\n<\/ul>\n\n\n\n<h4><strong><span style=\"color:#006089\" class=\"has-inline-color\">Radio Helsinki<\/span><\/strong><\/h4>\n\n\n\n<ul>\n<li>Herausforderung Vielfalt! Workshop Radio Helsinki, Commit, free Radios, Graz, J\u00e4nner 2015.<\/li>\n<\/ul>\n\n\n\n<h4><strong><span style=\"color:#006089\" class=\"has-inline-color\">Ikemba<\/span><\/strong><\/h4>\n\n\n\n<ul>\n<li>\u201e<a href=\"http:\/\/www.ikemba.at\/newsletter\/newsletter-nr-17-5-jahre-ikemba-24-mai-festtag-fit-fuer-die-vielfalt\/\" target=\"_blank\" rel=\"noreferrer noopener\">Fit f\u00fcr Vielfalt?\u201c 5 Jahre Ikemba \u2013 Tagung: Workshopleitung 2:<\/a> \u201eStrukturelle Diskriminierung als Verhinderung der Partizipation und Inklusion\u201c \u2013 Wolfgang Gulis; Graz, 24. Mai 2012.<\/li>\n<\/ul>\n","protected":false},"excerpt":{"rendered":"<p>Familienakademie der Kinderfreunde Steiermark Bifeb workshops Gr\u00fcne Bildungswerkstatt Burgenland Gr\u00fcne Bildungswerkstatt K\u00e4rnten AMS (Arbeitsmarktservice Steiermark) Rote Nasen P\u00e4dagogischen Hochschule Steiermark und der Lebenshilfe Graz und Umgebung \u2013 Voitsberg Radio Helsinki Ikemba<\/p>\n","protected":false},"author":2,"featured_media":0,"parent":0,"menu_order":0,"comment_status":"closed","ping_status":"closed","template":"","meta":[],"_links":{"self":[{"href":"https:\/\/www.gulis.at\/coaching\/wp-json\/wp\/v2\/pages\/1157"}],"collection":[{"href":"https:\/\/www.gulis.at\/coaching\/wp-json\/wp\/v2\/pages"}],"about":[{"href":"https:\/\/www.gulis.at\/coaching\/wp-json\/wp\/v2\/types\/page"}],"author":[{"embeddable":true,"href":"https:\/\/www.gulis.at\/coaching\/wp-json\/wp\/v2\/users\/2"}],"replies":[{"embeddable":true,"href":"https:\/\/www.gulis.at\/coaching\/wp-json\/wp\/v2\/comments?post=1157"}],"version-history":[{"count":10,"href":"https:\/\/www.gulis.at\/coaching\/wp-json\/wp\/v2\/pages\/1157\/revisions"}],"predecessor-version":[{"id":1766,"href":"https:\/\/www.gulis.at\/coaching\/wp-json\/wp\/v2\/pages\/1157\/revisions\/1766"}],"wp:attachment":[{"href":"https:\/\/www.gulis.at\/coaching\/wp-json\/wp\/v2\/media?parent=1157"}],"curies":[{"name":"wp","href":"https:\/\/api.w.org\/{rel}","templated":true}]}}